{"id":1784,"date":"2024-05-15T08:50:52","date_gmt":"2024-05-15T08:50:52","guid":{"rendered":"https:\/\/www.elten.si\/?page_id=1784"},"modified":"2024-06-13T10:28:05","modified_gmt":"2024-06-13T10:28:05","slug":"nozno-stikalo","status":"publish","type":"page","link":"https:\/\/www.elten.si\/en\/plasticna-izvedba\/nozno-stikalo\/","title":{"rendered":"Foot switch"},"content":{"rendered":"<div data-elementor-type=\"wp-post\" data-elementor-id=\"1784\" class=\"elementor elementor-1784\" data-elementor-settings=\"{&quot;ha_cmc_init_switcher&quot;:&quot;no&quot;}\" data-elementor-post-type=\"page\">\n\t\t\t\t<div class=\"elementor-element elementor-element-00a5e05 e-grid e-con-boxed e-con e-parent\" data-id=\"00a5e05\" data-element_type=\"container\" data-e-type=\"container\" data-settings=\"{&quot;background_background&quot;:&quot;classic&quot;,&quot;_ha_eqh_enable&quot;:false}\">\n\t\t\t\t\t<div class=\"e-con-inner\">\n\t\t<div class=\"elementor-element elementor-element-42fbee8 e-con-full e-flex e-con e-child\" data-id=\"42fbee8\" data-element_type=\"container\" data-e-type=\"container\" data-settings=\"{&quot;_ha_eqh_enable&quot;:false}\">\n\t\t\t\t<div class=\"elementor-element elementor-element-47d46e1 elementor-widget elementor-widget-heading\" data-id=\"47d46e1\" data-element_type=\"widget\" data-e-type=\"widget\" data-widget_type=\"heading.default\">\n\t\t\t\t<div class=\"elementor-widget-container\">\n\t\t\t\t\t<h2 class=\"elementor-heading-title elementor-size-default\">Foot switch<\/h2>\t\t\t\t<\/div>\n\t\t\t\t<\/div>\n\t\t\t\t<\/div>\n\t\t\t\t\t<\/div>\n\t\t\t\t<\/div>\n\t\t<div class=\"elementor-element elementor-element-19c5c83 e-con-full e-flex e-con e-parent\" data-id=\"19c5c83\" data-element_type=\"container\" data-e-type=\"container\" data-settings=\"{&quot;_ha_eqh_enable&quot;:false}\">\n\t\t\t\t<div class=\"elementor-element elementor-element-f9107c2 e-n-tabs-mobile elementor-widget elementor-widget-n-tabs\" data-id=\"f9107c2\" data-element_type=\"widget\" data-e-type=\"widget\" data-widget_type=\"nested-tabs.default\">\n\t\t\t\t<div class=\"elementor-widget-container\">\n\t\t\t\t\t\t\t<div class=\"e-n-tabs\" data-widget-number=\"261162946\" aria-label=\"Tabs. Open items with Enter or Space, close with Escape and navigate using the Arrow keys.\">\n\t\t\t<div class=\"e-n-tabs-heading\" role=\"tablist\">\n\t\t\t\t\t<button id=\"e-n-tab-title-2611629461\" data-tab-title-id=\"e-n-tab-title-2611629461\" class=\"e-n-tab-title\" aria-selected=\"true\" data-tab-index=\"1\" role=\"tab\" tabindex=\"0\" aria-controls=\"e-n-tab-content-2611629461\" style=\"--n-tabs-title-order: 1;\">\n\t\t\t\t\t\t<span class=\"e-n-tab-title-text\">\n\t\t\t\tFoot switch\t\t\t<\/span>\n\t\t<\/button>\n\t\t\t\t\t<\/div>\n\t\t\t<div class=\"e-n-tabs-content\">\n\t\t\t\t<div id=\"e-n-tab-content-2611629461\" role=\"tabpanel\" aria-labelledby=\"e-n-tab-title-2611629461\" data-tab-index=\"1\" style=\"--n-tabs-title-order: 1;\" class=\"e-active elementor-element elementor-element-d5a0eb4 e-con-full e-flex e-con e-child\" data-id=\"d5a0eb4\" data-element_type=\"container\" data-e-type=\"container\" data-settings=\"{&quot;_ha_eqh_enable&quot;:false}\">\n\t\t\t\t<div class=\"elementor-element elementor-element-06e550a elementor-grid-3 elementor-grid-tablet-2 elementor-grid-mobile-2 elementor-products-grid elementor-wc-products elementor-widget elementor-widget-woocommerce-products\" data-id=\"06e550a\" data-element_type=\"widget\" data-e-type=\"widget\" data-widget_type=\"woocommerce-products.default\">\n\t\t\t\t<div class=\"elementor-widget-container\">\n\t\t\t\t\t<div class=\"woocommerce columns-3\"><div class=\"woocommerce-notices-wrapper\"><\/div><ul class=\"products elementor-grid columns-3\">\n<li class=\"product type-product post-1134 status-publish first instock product_cat-nozno-stikalo product_cat-plasticna-izvedba product_tag-z30 has-post-thumbnail shipping-taxable product-type-simple\">\n\t<a href=\"https:\/\/www.elten.si\/en\/product\/nozno-stikalo-z-zascito\/\" class=\"woocommerce-LoopProduct-link woocommerce-loop-product__link\"><img fetchpriority=\"high\" decoding=\"async\" width=\"300\" height=\"300\" src=\"https:\/\/www.elten.si\/wp-content\/uploads\/2024\/05\/Elten-nozno-stikalo-zascita-e1715860297471-300x300.webp\" class=\"attachment-woocommerce_thumbnail size-woocommerce_thumbnail\" alt=\"Elten nozno stikalo zascita\" srcset=\"https:\/\/www.elten.si\/wp-content\/uploads\/2024\/05\/Elten-nozno-stikalo-zascita-e1715860297471-300x300.webp 300w, https:\/\/www.elten.si\/wp-content\/uploads\/2024\/05\/Elten-nozno-stikalo-zascita-e1715860297471-150x150.webp 150w, https:\/\/www.elten.si\/wp-content\/uploads\/2024\/05\/Elten-nozno-stikalo-zascita-e1715860297471-768x768.webp 768w, https:\/\/www.elten.si\/wp-content\/uploads\/2024\/05\/Elten-nozno-stikalo-zascita-e1715860297471-600x600.webp 600w, https:\/\/www.elten.si\/wp-content\/uploads\/2024\/05\/Elten-nozno-stikalo-zascita-e1715860297471-100x100.webp 100w, https:\/\/www.elten.si\/wp-content\/uploads\/2024\/05\/Elten-nozno-stikalo-zascita-e1715860297471.webp 867w\" sizes=\"(max-width: 300px) 100vw, 300px\" \/><h2 class=\"woocommerce-loop-product__title\">Foot switch with guard<\/h2>\n<\/a><\/li>\n<li class=\"product type-product post-1137 status-publish instock product_cat-nozno-stikalo product_cat-plasticna-izvedba product_tag-fsm02 has-post-thumbnail shipping-taxable product-type-simple\">\n\t<a href=\"https:\/\/www.elten.si\/en\/product\/nozno-stikalo-brez-zascite\/\" class=\"woocommerce-LoopProduct-link woocommerce-loop-product__link\"><img decoding=\"async\" width=\"300\" height=\"300\" src=\"https:\/\/www.elten.si\/wp-content\/uploads\/2024\/05\/Elten-nozno-stikalo-brez-zascite-e1715860320479-300x300.webp\" class=\"attachment-woocommerce_thumbnail size-woocommerce_thumbnail\" alt=\"Elten nozno stikalo brez zascite\" srcset=\"https:\/\/www.elten.si\/wp-content\/uploads\/2024\/05\/Elten-nozno-stikalo-brez-zascite-e1715860320479-300x300.webp 300w, https:\/\/www.elten.si\/wp-content\/uploads\/2024\/05\/Elten-nozno-stikalo-brez-zascite-e1715860320479-150x150.webp 150w, https:\/\/www.elten.si\/wp-content\/uploads\/2024\/05\/Elten-nozno-stikalo-brez-zascite-e1715860320479-768x768.webp 768w, https:\/\/www.elten.si\/wp-content\/uploads\/2024\/05\/Elten-nozno-stikalo-brez-zascite-e1715860320479-600x600.webp 600w, https:\/\/www.elten.si\/wp-content\/uploads\/2024\/05\/Elten-nozno-stikalo-brez-zascite-e1715860320479-100x100.webp 100w, https:\/\/www.elten.si\/wp-content\/uploads\/2024\/05\/Elten-nozno-stikalo-brez-zascite-e1715860320479.webp 867w\" sizes=\"(max-width: 300px) 100vw, 300px\" \/><h2 class=\"woocommerce-loop-product__title\">Foot switch (without guard)<\/h2>\n<\/a><\/li>\n<\/ul>\n<\/div>\t\t\t\t<\/div>\n\t\t\t\t<\/div>\n\t\t\t\t<\/div>\n\t\t\t\t\t<\/div>\n\t\t<\/div>\n\t\t\t\t\t\t<\/div>\n\t\t\t\t<\/div>\n\t\t\t\t<\/div>\n\t\t<div class=\"elementor-element elementor-element-32b00ff e-con-full e-flex e-con e-parent\" data-id=\"32b00ff\" data-element_type=\"container\" data-e-type=\"container\" data-settings=\"{&quot;background_background&quot;:&quot;classic&quot;,&quot;_ha_eqh_enable&quot;:false}\">\n\t\t<div class=\"elementor-element elementor-element-6ed034b e-con-full e-flex e-con e-child\" data-id=\"6ed034b\" data-element_type=\"container\" data-e-type=\"container\" data-settings=\"{&quot;background_background&quot;:&quot;classic&quot;,&quot;_ha_eqh_enable&quot;:false}\">\n\t\t\t\t<div class=\"elementor-element elementor-element-8e025db elementor-widget elementor-widget-heading\" data-id=\"8e025db\" data-element_type=\"widget\" data-e-type=\"widget\" data-widget_type=\"heading.default\">\n\t\t\t\t<div class=\"elementor-widget-container\">\n\t\t\t\t\t<h2 class=\"elementor-heading-title elementor-size-default\">Where can you buy our products?<\/h2>\t\t\t\t<\/div>\n\t\t\t\t<\/div>\n\t\t\t\t<div class=\"elementor-element elementor-element-67bf208 elementor-widget elementor-widget-text-editor\" data-id=\"67bf208\" data-element_type=\"widget\" data-e-type=\"widget\" data-widget_type=\"text-editor.default\">\n\t\t\t\t<div class=\"elementor-widget-container\">\n\t\t\t\t\t\t\t\t\tOur products are available in more than 40 retail locations across Europe.\t\t\t\t\t\t\t\t<\/div>\n\t\t\t\t<\/div>\n\t\t\t\t<\/div>\n\t\t<div class=\"elementor-element elementor-element-5b185a0 e-con-full e-flex e-con e-child\" data-id=\"5b185a0\" data-element_type=\"container\" data-e-type=\"container\" data-settings=\"{&quot;background_background&quot;:&quot;classic&quot;,&quot;_ha_eqh_enable&quot;:false}\">\n\t\t\t\t<div class=\"elementor-element elementor-element-42f369a elementor-align-left elementor-mobile-align-justify elementor-widget elementor-widget-button\" data-id=\"42f369a\" data-element_type=\"widget\" data-e-type=\"widget\" data-widget_type=\"button.default\">\n\t\t\t\t<div class=\"elementor-widget-container\">\n\t\t\t\t\t\t\t\t\t<div class=\"elementor-button-wrapper\">\n\t\t\t\t\t<a class=\"elementor-button elementor-button-link elementor-size-sm elementor-animation-bob\" href=\"https:\/\/www.elten.si\/en\/kje-kupiti\/\">\n\t\t\t\t\t\t<span class=\"elementor-button-content-wrapper\">\n\t\t\t\t\t\t\t\t\t<span class=\"elementor-button-text\">Check locations list<\/span>\n\t\t\t\t\t<\/span>\n\t\t\t\t\t<\/a>\n\t\t\t\t<\/div>\n\t\t\t\t\t\t\t\t<\/div>\n\t\t\t\t<\/div>\n\t\t\t\t<\/div>\n\t\t\t\t<\/div>\n\t\t<div class=\"elementor-element elementor-element-a5eb681 e-flex e-con-boxed e-con e-parent\" data-id=\"a5eb681\" data-element_type=\"container\" data-e-type=\"container\" data-settings=\"{&quot;_ha_eqh_enable&quot;:false}\">\n\t\t\t\t\t<div class=\"e-con-inner\">\n\t\t\t\t<div class=\"elementor-element elementor-element-6ad4620 elementor-widget elementor-widget-heading\" data-id=\"6ad4620\" data-element_type=\"widget\" data-e-type=\"widget\" data-widget_type=\"heading.default\">\n\t\t\t\t<div class=\"elementor-widget-container\">\n\t\t\t\t\t<h2 class=\"elementor-heading-title elementor-size-default\">Products<\/h2>\t\t\t\t<\/div>\n\t\t\t\t<\/div>\n\t\t\t\t<div class=\"elementor-element elementor-element-6d2d7f4 elementor-widget elementor-widget-heading\" data-id=\"6d2d7f4\" data-element_type=\"widget\" data-e-type=\"widget\" data-widget_type=\"heading.default\">\n\t\t\t\t<div class=\"elementor-widget-container\">\n\t\t\t\t\t<h2 class=\"elementor-heading-title elementor-size-default\">You may also like<\/h2>\t\t\t\t<\/div>\n\t\t\t\t<\/div>\n\t\t\t\t\t<\/div>\n\t\t\t\t<\/div>\n\t\t<div class=\"elementor-element elementor-element-0a428fd e-con-full e-flex e-con e-parent\" data-id=\"0a428fd\" data-element_type=\"container\" data-e-type=\"container\" data-settings=\"{&quot;_ha_eqh_enable&quot;:false}\">\n\t\t\t\t<div class=\"elementor-element elementor-element-9fc0e7e elementor-grid-tablet-4 elementor-grid-4 elementor-grid-mobile-2 elementor-products-grid elementor-wc-products elementor-widget elementor-widget-woocommerce-products\" data-id=\"9fc0e7e\" data-element_type=\"widget\" data-e-type=\"widget\" data-widget_type=\"woocommerce-products.default\">\n\t\t\t\t<div class=\"elementor-widget-container\">\n\t\t\t\t\t<div class=\"woocommerce columns-4\"><ul class=\"products elementor-grid columns-4\">\n<li class=\"product type-product post-1406 status-publish first instock product_cat-joystic-rocicni-preklopnik product_cat-kovinska-izvedba product_tag-mm has-post-thumbnail shipping-taxable product-type-variable\">\n\t<a href=\"https:\/\/www.elten.si\/en\/product\/rocicni-preklopnik-2\/\" class=\"woocommerce-LoopProduct-link woocommerce-loop-product__link\"><img decoding=\"async\" width=\"300\" height=\"300\" src=\"https:\/\/www.elten.si\/wp-content\/uploads\/2024\/05\/Elten-MM-joystick-e1715857256477-300x300.webp\" class=\"attachment-woocommerce_thumbnail size-woocommerce_thumbnail\" alt=\"Elten MM joystick\" srcset=\"https:\/\/www.elten.si\/wp-content\/uploads\/2024\/05\/Elten-MM-joystick-e1715857256477-300x300.webp 300w, https:\/\/www.elten.si\/wp-content\/uploads\/2024\/05\/Elten-MM-joystick-e1715857256477-150x150.webp 150w, https:\/\/www.elten.si\/wp-content\/uploads\/2024\/05\/Elten-MM-joystick-e1715857256477-768x768.webp 768w, https:\/\/www.elten.si\/wp-content\/uploads\/2024\/05\/Elten-MM-joystick-e1715857256477-600x600.webp 600w, https:\/\/www.elten.si\/wp-content\/uploads\/2024\/05\/Elten-MM-joystick-e1715857256477-100x100.webp 100w, https:\/\/www.elten.si\/wp-content\/uploads\/2024\/05\/Elten-MM-joystick-e1715857256477.webp 867w\" sizes=\"(max-width: 300px) 100vw, 300px\" \/><h2 class=\"woocommerce-loop-product__title\">Joystick - lever switch<\/h2>\n<\/a><\/li>\n<li class=\"product type-product post-1333 status-publish instock product_cat-gobaste-tipke product_cat-kovinska-izvedba product_tag-mf-40 has-post-thumbnail shipping-taxable product-type-variable\">\n\t<a href=\"https:\/\/www.elten.si\/en\/product\/tipka-gobasta-o40-2\/\" class=\"woocommerce-LoopProduct-link woocommerce-loop-product__link\"><img loading=\"lazy\" decoding=\"async\" width=\"300\" height=\"300\" src=\"https:\/\/www.elten.si\/wp-content\/uploads\/2024\/05\/Elten-MF-40-tipka-gobasta-e1715858276330-300x300.webp\" class=\"attachment-woocommerce_thumbnail size-woocommerce_thumbnail\" alt=\"Eltne MF 40 tipka gobasta\" srcset=\"https:\/\/www.elten.si\/wp-content\/uploads\/2024\/05\/Elten-MF-40-tipka-gobasta-e1715858276330-300x300.webp 300w, https:\/\/www.elten.si\/wp-content\/uploads\/2024\/05\/Elten-MF-40-tipka-gobasta-e1715858276330-150x150.webp 150w, https:\/\/www.elten.si\/wp-content\/uploads\/2024\/05\/Elten-MF-40-tipka-gobasta-e1715858276330-768x768.webp 768w, https:\/\/www.elten.si\/wp-content\/uploads\/2024\/05\/Elten-MF-40-tipka-gobasta-e1715858276330-600x600.webp 600w, https:\/\/www.elten.si\/wp-content\/uploads\/2024\/05\/Elten-MF-40-tipka-gobasta-e1715858276330-100x100.webp 100w, https:\/\/www.elten.si\/wp-content\/uploads\/2024\/05\/Elten-MF-40-tipka-gobasta-e1715858276330.webp 867w\" sizes=\"(max-width: 300px) 100vw, 300px\" \/><h2 class=\"woocommerce-loop-product__title\">Mushroom pushbutton \u00d840 mm<\/h2>\n<\/a><\/li>\n<li class=\"product type-product post-1310 status-publish instock product_cat-kovinska-izvedba product_cat-tipke product_tag-mrl has-post-thumbnail shipping-taxable product-type-variable\">\n\t<a href=\"https:\/\/www.elten.si\/en\/product\/svetleca-tipka-2\/\" class=\"woocommerce-LoopProduct-link woocommerce-loop-product__link\"><img loading=\"lazy\" decoding=\"async\" width=\"300\" height=\"300\" src=\"https:\/\/www.elten.si\/wp-content\/uploads\/2024\/05\/Elten-MRL2-tipka-rdeca-e1715858397120-300x300.webp\" class=\"attachment-woocommerce_thumbnail size-woocommerce_thumbnail\" alt=\"Elten MRL2 tipka rdec\u030ca\" srcset=\"https:\/\/www.elten.si\/wp-content\/uploads\/2024\/05\/Elten-MRL2-tipka-rdeca-e1715858397120-300x300.webp 300w, https:\/\/www.elten.si\/wp-content\/uploads\/2024\/05\/Elten-MRL2-tipka-rdeca-e1715858397120-150x150.webp 150w, https:\/\/www.elten.si\/wp-content\/uploads\/2024\/05\/Elten-MRL2-tipka-rdeca-e1715858397120-768x768.webp 768w, https:\/\/www.elten.si\/wp-content\/uploads\/2024\/05\/Elten-MRL2-tipka-rdeca-e1715858397120-600x600.webp 600w, https:\/\/www.elten.si\/wp-content\/uploads\/2024\/05\/Elten-MRL2-tipka-rdeca-e1715858397120-100x100.webp 100w, https:\/\/www.elten.si\/wp-content\/uploads\/2024\/05\/Elten-MRL2-tipka-rdeca-e1715858397120.webp 867w\" sizes=\"(max-width: 300px) 100vw, 300px\" \/><h2 class=\"woocommerce-loop-product__title\">Illuminated pushbutton<\/h2>\n<\/a><\/li>\n<li class=\"product type-product post-1008 status-publish last instock product_cat-dvojna-tipka-start-stop-s-povisano-tipko-o product_cat-dvojne-tipke product_cat-plasticna-izvedba product_tag-epdrl-0-1 has-post-thumbnail shipping-taxable product-type-simple\">\n\t<a href=\"https:\/\/www.elten.si\/en\/product\/dvojna-tipka-start-stop-s-povisano-tipko-o-s-svetilko\/\" class=\"woocommerce-LoopProduct-link woocommerce-loop-product__link\"><img loading=\"lazy\" decoding=\"async\" width=\"300\" height=\"300\" src=\"https:\/\/www.elten.si\/wp-content\/uploads\/2024\/05\/Elten-EPDLR-0-1-dvojna-tipka-e1715861243203-300x300.webp\" class=\"attachment-woocommerce_thumbnail size-woocommerce_thumbnail\" alt=\"Elten EPDLR 0 1 dvojna tipka\" srcset=\"https:\/\/www.elten.si\/wp-content\/uploads\/2024\/05\/Elten-EPDLR-0-1-dvojna-tipka-e1715861243203-300x300.webp 300w, https:\/\/www.elten.si\/wp-content\/uploads\/2024\/05\/Elten-EPDLR-0-1-dvojna-tipka-e1715861243203-150x150.webp 150w, https:\/\/www.elten.si\/wp-content\/uploads\/2024\/05\/Elten-EPDLR-0-1-dvojna-tipka-e1715861243203-768x768.webp 768w, https:\/\/www.elten.si\/wp-content\/uploads\/2024\/05\/Elten-EPDLR-0-1-dvojna-tipka-e1715861243203-600x600.webp 600w, https:\/\/www.elten.si\/wp-content\/uploads\/2024\/05\/Elten-EPDLR-0-1-dvojna-tipka-e1715861243203-100x100.webp 100w, https:\/\/www.elten.si\/wp-content\/uploads\/2024\/05\/Elten-EPDLR-0-1-dvojna-tipka-e1715861243203.webp 867w\" sizes=\"(max-width: 300px) 100vw, 300px\" \/><h2 class=\"woocommerce-loop-product__title\">Illuminated double pushbutton START-STOP with raised \u201c0\u201d button<\/h2>\n<\/a><\/li>\n<\/ul>\n<\/div>\t\t\t\t<\/div>\n\t\t\t\t<\/div>\n\t\t\t\t<\/div>\n\t\t\t\t<\/div>","protected":false},"excerpt":{"rendered":"<p>No\u017eno stikalo No\u017eno stikalo No\u017eno stikalo z za\u0161\u010dito No\u017eno stikalo (brez za\u0161\u010dite) Kje lahko kupite na\u0161e izdelke? Na\u0161i izdelki so na voljo v ve\u010d kot 40 prodajnih mestih po Sloveniji. Poglej seznam lokacij Izdelki Ostali izdelki<\/p>","protected":false},"author":1,"featured_media":0,"parent":1654,"menu_order":0,"comment_status":"closed","ping_status":"closed","template":"","meta":{"inline_featured_image":false,"_monsterinsights_skip_tracking":false,"_monsterinsights_sitenote_active":false,"_monsterinsights_sitenote_note":"","_monsterinsights_sitenote_category":0,"footnotes":""},"class_list":["post-1784","page","type-page","status-publish","hentry"],"yoast_head":"<!-- This site is optimized with the Yoast SEO plugin v27.2 - https:\/\/yoast.com\/product\/yoast-seo-wordpress\/ -->\n<title>No\u017eno stikalo - Elten<\/title>\n<meta name=\"description\" content=\"Prepre\u010devanje naklju\u010dnga pro\u017eenja. Pedal lahko prena\u0161amo z nogo v \u017eeljeni polo\u017eaj.\" \/>\n<meta name=\"robots\" content=\"index, follow, max-snippet:-1, max-image-preview:large, max-video-preview:-1\" \/>\n<link rel=\"canonical\" href=\"https:\/\/www.elten.si\/en\/plasticna-izvedba\/nozno-stikalo\/\" \/>\n<meta property=\"og:locale\" content=\"en_US\" \/>\n<meta property=\"og:type\" content=\"article\" \/>\n<meta property=\"og:title\" content=\"No\u017eno stikalo - Elten\" \/>\n<meta property=\"og:description\" content=\"Prepre\u010devanje naklju\u010dnga pro\u017eenja. Pedal lahko prena\u0161amo z nogo v \u017eeljeni polo\u017eaj.\" \/>\n<meta property=\"og:url\" content=\"https:\/\/www.elten.si\/en\/plasticna-izvedba\/nozno-stikalo\/\" \/>\n<meta property=\"og:site_name\" content=\"Elten\" \/>\n<meta property=\"article:modified_time\" content=\"2024-06-13T10:28:05+00:00\" \/>\n<meta property=\"og:image\" content=\"https:\/\/www.elten.si\/wp-content\/uploads\/2024\/05\/Elten-nozno-stikalo-zascita-e1715860297471-300x300.webp\" \/>\n<meta name=\"twitter:card\" content=\"summary_large_image\" \/>\n<meta name=\"twitter:label1\" content=\"Est. reading time\" \/>\n\t<meta name=\"twitter:data1\" content=\"2 minutes\" \/>\n<script type=\"application\/ld+json\" class=\"yoast-schema-graph\">{\"@context\":\"https:\/\/schema.org\",\"@graph\":[{\"@type\":\"WebPage\",\"@id\":\"https:\/\/www.elten.si\/plasticna-izvedba\/nozno-stikalo\/\",\"url\":\"https:\/\/www.elten.si\/plasticna-izvedba\/nozno-stikalo\/\",\"name\":\"No\u017eno stikalo - Elten\",\"isPartOf\":{\"@id\":\"https:\/\/www.elten.si\/#website\"},\"primaryImageOfPage\":{\"@id\":\"https:\/\/www.elten.si\/plasticna-izvedba\/nozno-stikalo\/#primaryimage\"},\"image\":{\"@id\":\"https:\/\/www.elten.si\/plasticna-izvedba\/nozno-stikalo\/#primaryimage\"},\"thumbnailUrl\":\"https:\/\/www.elten.si\/wp-content\/uploads\/2024\/05\/Elten-nozno-stikalo-zascita-e1715860297471-300x300.webp\",\"datePublished\":\"2024-05-15T08:50:52+00:00\",\"dateModified\":\"2024-06-13T10:28:05+00:00\",\"description\":\"Prepre\u010devanje naklju\u010dnga pro\u017eenja. Pedal lahko prena\u0161amo z nogo v \u017eeljeni polo\u017eaj.\",\"breadcrumb\":{\"@id\":\"https:\/\/www.elten.si\/plasticna-izvedba\/nozno-stikalo\/#breadcrumb\"},\"inLanguage\":\"en-US\",\"potentialAction\":[{\"@type\":\"ReadAction\",\"target\":[\"https:\/\/www.elten.si\/plasticna-izvedba\/nozno-stikalo\/\"]}]},{\"@type\":\"ImageObject\",\"inLanguage\":\"en-US\",\"@id\":\"https:\/\/www.elten.si\/plasticna-izvedba\/nozno-stikalo\/#primaryimage\",\"url\":\"https:\/\/www.elten.si\/wp-content\/uploads\/2024\/05\/Elten-nozno-stikalo-zascita-e1715860297471-300x300.webp\",\"contentUrl\":\"https:\/\/www.elten.si\/wp-content\/uploads\/2024\/05\/Elten-nozno-stikalo-zascita-e1715860297471-300x300.webp\"},{\"@type\":\"BreadcrumbList\",\"@id\":\"https:\/\/www.elten.si\/plasticna-izvedba\/nozno-stikalo\/#breadcrumb\",\"itemListElement\":[{\"@type\":\"ListItem\",\"position\":1,\"name\":\"Home\",\"item\":\"https:\/\/www.elten.si\/\"},{\"@type\":\"ListItem\",\"position\":2,\"name\":\"Plasti\u010dna izvedba\",\"item\":\"https:\/\/www.elten.si\/plasticna-izvedba\/\"},{\"@type\":\"ListItem\",\"position\":3,\"name\":\"No\u017eno stikalo\"}]},{\"@type\":\"WebSite\",\"@id\":\"https:\/\/www.elten.si\/#website\",\"url\":\"https:\/\/www.elten.si\/\",\"name\":\"Elten\",\"description\":\"Proizvodnja signalno stikalnih elementov\",\"publisher\":{\"@id\":\"https:\/\/www.elten.si\/#organization\"},\"potentialAction\":[{\"@type\":\"SearchAction\",\"target\":{\"@type\":\"EntryPoint\",\"urlTemplate\":\"https:\/\/www.elten.si\/?s={search_term_string}\"},\"query-input\":{\"@type\":\"PropertyValueSpecification\",\"valueRequired\":true,\"valueName\":\"search_term_string\"}}],\"inLanguage\":\"en-US\"},{\"@type\":\"Organization\",\"@id\":\"https:\/\/www.elten.si\/#organization\",\"name\":\"Elten d.o.o.\",\"url\":\"https:\/\/www.elten.si\/\",\"logo\":{\"@type\":\"ImageObject\",\"inLanguage\":\"en-US\",\"@id\":\"https:\/\/www.elten.si\/#\/schema\/logo\/image\/\",\"url\":\"https:\/\/www.elten.si\/wp-content\/uploads\/2024\/04\/logo.png\",\"contentUrl\":\"https:\/\/www.elten.si\/wp-content\/uploads\/2024\/04\/logo.png\",\"width\":254,\"height\":129,\"caption\":\"Elten d.o.o.\"},\"image\":{\"@id\":\"https:\/\/www.elten.si\/#\/schema\/logo\/image\/\"}}]}<\/script>\n<!-- \/ Yoast SEO plugin. -->","yoast_head_json":{"title":"No\u017eno stikalo - Elten","description":"Prepre\u010devanje naklju\u010dnga pro\u017eenja. Pedal lahko prena\u0161amo z nogo v \u017eeljeni polo\u017eaj.","robots":{"index":"index","follow":"follow","max-snippet":"max-snippet:-1","max-image-preview":"max-image-preview:large","max-video-preview":"max-video-preview:-1"},"canonical":"https:\/\/www.elten.si\/en\/plasticna-izvedba\/nozno-stikalo\/","og_locale":"en_US","og_type":"article","og_title":"No\u017eno stikalo - Elten","og_description":"Prepre\u010devanje naklju\u010dnga pro\u017eenja. Pedal lahko prena\u0161amo z nogo v \u017eeljeni polo\u017eaj.","og_url":"https:\/\/www.elten.si\/en\/plasticna-izvedba\/nozno-stikalo\/","og_site_name":"Elten","article_modified_time":"2024-06-13T10:28:05+00:00","og_image":[{"url":"https:\/\/www.elten.si\/wp-content\/uploads\/2024\/05\/Elten-nozno-stikalo-zascita-e1715860297471-300x300.webp","type":"","width":"","height":""}],"twitter_card":"summary_large_image","twitter_misc":{"Est. reading time":"2 minutes"},"schema":{"@context":"https:\/\/schema.org","@graph":[{"@type":"WebPage","@id":"https:\/\/www.elten.si\/plasticna-izvedba\/nozno-stikalo\/","url":"https:\/\/www.elten.si\/plasticna-izvedba\/nozno-stikalo\/","name":"No\u017eno stikalo - Elten","isPartOf":{"@id":"https:\/\/www.elten.si\/#website"},"primaryImageOfPage":{"@id":"https:\/\/www.elten.si\/plasticna-izvedba\/nozno-stikalo\/#primaryimage"},"image":{"@id":"https:\/\/www.elten.si\/plasticna-izvedba\/nozno-stikalo\/#primaryimage"},"thumbnailUrl":"https:\/\/www.elten.si\/wp-content\/uploads\/2024\/05\/Elten-nozno-stikalo-zascita-e1715860297471-300x300.webp","datePublished":"2024-05-15T08:50:52+00:00","dateModified":"2024-06-13T10:28:05+00:00","description":"Prepre\u010devanje naklju\u010dnga pro\u017eenja. Pedal lahko prena\u0161amo z nogo v \u017eeljeni polo\u017eaj.","breadcrumb":{"@id":"https:\/\/www.elten.si\/plasticna-izvedba\/nozno-stikalo\/#breadcrumb"},"inLanguage":"en-US","potentialAction":[{"@type":"ReadAction","target":["https:\/\/www.elten.si\/plasticna-izvedba\/nozno-stikalo\/"]}]},{"@type":"ImageObject","inLanguage":"en-US","@id":"https:\/\/www.elten.si\/plasticna-izvedba\/nozno-stikalo\/#primaryimage","url":"https:\/\/www.elten.si\/wp-content\/uploads\/2024\/05\/Elten-nozno-stikalo-zascita-e1715860297471-300x300.webp","contentUrl":"https:\/\/www.elten.si\/wp-content\/uploads\/2024\/05\/Elten-nozno-stikalo-zascita-e1715860297471-300x300.webp"},{"@type":"BreadcrumbList","@id":"https:\/\/www.elten.si\/plasticna-izvedba\/nozno-stikalo\/#breadcrumb","itemListElement":[{"@type":"ListItem","position":1,"name":"Home","item":"https:\/\/www.elten.si\/"},{"@type":"ListItem","position":2,"name":"Plasti\u010dna izvedba","item":"https:\/\/www.elten.si\/plasticna-izvedba\/"},{"@type":"ListItem","position":3,"name":"No\u017eno stikalo"}]},{"@type":"WebSite","@id":"https:\/\/www.elten.si\/#website","url":"https:\/\/www.elten.si\/","name":"Elten","description":"Manufacture of control and signal units","publisher":{"@id":"https:\/\/www.elten.si\/#organization"},"potentialAction":[{"@type":"SearchAction","target":{"@type":"EntryPoint","urlTemplate":"https:\/\/www.elten.si\/?s={search_term_string}"},"query-input":{"@type":"PropertyValueSpecification","valueRequired":true,"valueName":"search_term_string"}}],"inLanguage":"en-US"},{"@type":"Organization","@id":"https:\/\/www.elten.si\/#organization","name":"Elten d.o.o.","url":"https:\/\/www.elten.si\/","logo":{"@type":"ImageObject","inLanguage":"en-US","@id":"https:\/\/www.elten.si\/#\/schema\/logo\/image\/","url":"https:\/\/www.elten.si\/wp-content\/uploads\/2024\/04\/logo.png","contentUrl":"https:\/\/www.elten.si\/wp-content\/uploads\/2024\/04\/logo.png","width":254,"height":129,"caption":"Elten d.o.o."},"image":{"@id":"https:\/\/www.elten.si\/#\/schema\/logo\/image\/"}}]}},"_links":{"self":[{"href":"https:\/\/www.elten.si\/en\/wp-json\/wp\/v2\/pages\/1784","targetHints":{"allow":["GET"]}}],"collection":[{"href":"https:\/\/www.elten.si\/en\/wp-json\/wp\/v2\/pages"}],"about":[{"href":"https:\/\/www.elten.si\/en\/wp-json\/wp\/v2\/types\/page"}],"author":[{"embeddable":true,"href":"https:\/\/www.elten.si\/en\/wp-json\/wp\/v2\/users\/1"}],"replies":[{"embeddable":true,"href":"https:\/\/www.elten.si\/en\/wp-json\/wp\/v2\/comments?post=1784"}],"version-history":[{"count":3,"href":"https:\/\/www.elten.si\/en\/wp-json\/wp\/v2\/pages\/1784\/revisions"}],"predecessor-version":[{"id":3899,"href":"https:\/\/www.elten.si\/en\/wp-json\/wp\/v2\/pages\/1784\/revisions\/3899"}],"up":[{"embeddable":true,"href":"https:\/\/www.elten.si\/en\/wp-json\/wp\/v2\/pages\/1654"}],"wp:attachment":[{"href":"https:\/\/www.elten.si\/en\/wp-json\/wp\/v2\/media?parent=1784"}],"curies":[{"name":"wp","href":"https:\/\/api.w.org\/{rel}","templated":true}]}}