{"id":236,"date":"2024-04-18T13:14:42","date_gmt":"2024-04-18T13:14:42","guid":{"rendered":"https:\/\/www.elten.si\/?page_id=236"},"modified":"2024-05-21T12:51:58","modified_gmt":"2024-05-21T12:51:58","slug":"politika-zasebnosti","status":"publish","type":"page","link":"https:\/\/www.elten.si\/en\/politika-zasebnosti\/","title":{"rendered":"Privacy Policy"},"content":{"rendered":"<div data-elementor-type=\"wp-page\" data-elementor-id=\"236\" class=\"elementor elementor-236\" data-elementor-settings=\"{&quot;ha_cmc_init_switcher&quot;:&quot;no&quot;}\" data-elementor-post-type=\"page\">\n\t\t\t\t<div class=\"elementor-element elementor-element-1a98ef3d e-flex e-con-boxed e-con e-parent\" data-id=\"1a98ef3d\" data-element_type=\"container\" data-e-type=\"container\" data-settings=\"{&quot;_ha_eqh_enable&quot;:false}\">\n\t\t\t\t\t<div class=\"e-con-inner\">\n\t\t\t\t<div class=\"elementor-element elementor-element-183bfd6e elementor-widget elementor-widget-heading\" data-id=\"183bfd6e\" data-element_type=\"widget\" data-e-type=\"widget\" data-widget_type=\"heading.default\">\n\t\t\t\t<div class=\"elementor-widget-container\">\n\t\t\t\t\t<h2 class=\"elementor-heading-title elementor-size-default\">Privacy Policy<\/h2>\t\t\t\t<\/div>\n\t\t\t\t<\/div>\n\t\t\t\t<div class=\"elementor-element elementor-element-5daba04 elementor-widget elementor-widget-text-editor\" data-id=\"5daba04\" data-element_type=\"widget\" data-e-type=\"widget\" data-widget_type=\"text-editor.default\">\n\t\t\t\t<div class=\"elementor-widget-container\">\n\t\t\t\t\t\t\t\t\t<p>Last updated: 8.5.2024<\/p>\t\t\t\t\t\t\t\t<\/div>\n\t\t\t\t<\/div>\n\t\t\t\t<div class=\"elementor-element elementor-element-1c60482 elementor-widget elementor-widget-text-editor\" data-id=\"1c60482\" data-element_type=\"widget\" data-e-type=\"widget\" data-widget_type=\"text-editor.default\">\n\t\t\t\t<div class=\"elementor-widget-container\">\n\t\t\t\t\t\t\t\t\tWith this declaration, we inform you about collecting, processing and use of your personal\ndata, which ELTEN D.O.O. collects from you, when you agree to receive our newsletter,\ninvitations or other information shared. This consent can be withdrawn at any time with no\neffect for the future.\t\t\t\t\t\t\t\t<\/div>\n\t\t\t\t<\/div>\n\t\t\t\t<div class=\"elementor-element elementor-element-dc2dfdf elementor-widget elementor-widget-heading\" data-id=\"dc2dfdf\" data-element_type=\"widget\" data-e-type=\"widget\" data-widget_type=\"heading.default\">\n\t\t\t\t<div class=\"elementor-widget-container\">\n\t\t\t\t\t<h2 class=\"elementor-heading-title elementor-size-default\">Controller<\/h2>\t\t\t\t<\/div>\n\t\t\t\t<\/div>\n\t\t\t\t<div class=\"elementor-element elementor-element-dc301b2 elementor-widget elementor-widget-text-editor\" data-id=\"dc301b2\" data-element_type=\"widget\" data-e-type=\"widget\" data-widget_type=\"text-editor.default\">\n\t\t\t\t<div class=\"elementor-widget-container\">\n\t\t\t\t\t\t\t\t\t<p>The personal data controller as defined by Data Protection Directive and General Data\nProtection Regulation - GDPR is: \u00a0<br \/>\u00a0<br \/>ELTEN D.O.O.\u2028<br \/>Gasilska pot 3\u2028<br \/>1230 Dom\u017eale\u2028<br \/>VAT number: SI82213623<br \/>Registration number: 5295629000<\/p>\t\t\t\t\t\t\t\t<\/div>\n\t\t\t\t<\/div>\n\t\t\t\t<div class=\"elementor-element elementor-element-efc7dec elementor-widget elementor-widget-heading\" data-id=\"efc7dec\" data-element_type=\"widget\" data-e-type=\"widget\" data-widget_type=\"heading.default\">\n\t\t\t\t<div class=\"elementor-widget-container\">\n\t\t\t\t\t<h2 class=\"elementor-heading-title elementor-size-default\">Personal data and processing purposes<\/h2>\t\t\t\t<\/div>\n\t\t\t\t<\/div>\n\t\t\t\t<div class=\"elementor-element elementor-element-1319284 elementor-widget elementor-widget-text-editor\" data-id=\"1319284\" data-element_type=\"widget\" data-e-type=\"widget\" data-widget_type=\"text-editor.default\">\n\t\t\t\t<div class=\"elementor-widget-container\">\n\t\t\t\t\t\t\t\t\tIf you wish to receive content from ELTEN D.O.O. you can subscribe or unsubscribe from\nthe following processes:<br><br>\n<ul>\n \t<li> occasionally e-news <\/li>\n \t<li> permanent e-news <\/li>\n\t<li> events invitations <\/li>\n\t<li> news about exclusive offers and opportunities <\/li>\n\t<li> publications <\/li>\n<\/ul>\t\t\t\t\t\t\t\t<\/div>\n\t\t\t\t<\/div>\n\t\t\t\t<div class=\"elementor-element elementor-element-f164020 elementor-widget elementor-widget-text-editor\" data-id=\"f164020\" data-element_type=\"widget\" data-e-type=\"widget\" data-widget_type=\"text-editor.default\">\n\t\t\t\t<div class=\"elementor-widget-container\">\n\t\t\t\t\t\t\t\t\tBy confirming forms, ordering, registering and submitting, will receive your personal data\nsuch as:<br><br>\n<ul>\n \t<li>name<\/li>\n \t<li>last name<\/li>\n \t<li> e-mail <\/li>\n \t<li> Phone number <\/li>\n<\/ul>\t\t\t\t\t\t\t\t<\/div>\n\t\t\t\t<\/div>\n\t\t\t\t<div class=\"elementor-element elementor-element-c756e4d elementor-widget elementor-widget-text-editor\" data-id=\"c756e4d\" data-element_type=\"widget\" data-e-type=\"widget\" data-widget_type=\"text-editor.default\">\n\t\t\t\t<div class=\"elementor-widget-container\">\n\t\t\t\t\t\t\t\t\tContact information, which you share with us by submitting forms, registering or ordering\nis necessary for processing and completing your order and for communicating with you\nregarding e-news, events, news about exclusive offers and our publications. ELTEN D.O.O.\nrespects and will respect your privacy and is obliged to act carefully and responsibly and in\ncompliance with legislation regarding collecting, storing and processing of your personal\ndata. There might be links to other sites outside of our web service information system for\nwhich we do not take any responsibility regarding protection of personal data. We use\ndifferent technical and organizational procedures to protect collected data to avoid\nunauthorized access or reveal, to maintain exactness and to ensure its appropriate\nuse.ELTEN D.O.O. cannot, in general, exclude the possibility of data leaking or misuse of\nthe information due to the openness of some web technologies which can be\ncompromised and are out of our control.\t\t\t\t\t\t\t\t<\/div>\n\t\t\t\t<\/div>\n\t\t\t\t<div class=\"elementor-element elementor-element-58430f1 elementor-widget elementor-widget-text-editor\" data-id=\"58430f1\" data-element_type=\"widget\" data-e-type=\"widget\" data-widget_type=\"text-editor.default\">\n\t\t\t\t<div class=\"elementor-widget-container\">\n\t\t\t\t\t\t\t\t\t<p><strong>WARNING:<\/strong> <em>EU GDPR does not enforce any particular technical actions to protect the identity\nof the website owner or data controller, as it does not demand any identity revealing from\nthe website visitor. Until further steps in the legislation are taken, every decision regarding\nthe data controllers' identity is up to website visitor. We kindly ask you to check the data\ncontrollers' identity in every possible way. The data controller does not have and is not\nable to give a guarantee, whether the agreement for collecting and processing personal\ndata was obtained from the person, whom it refers since the user does not identify to the\n\nwebsite owner (data controller) in a unique and verifiable way.<\/em><\/p>\t\t\t\t\t\t\t\t<\/div>\n\t\t\t\t<\/div>\n\t\t\t\t<div class=\"elementor-element elementor-element-cf4dcf1 elementor-widget elementor-widget-heading\" data-id=\"cf4dcf1\" data-element_type=\"widget\" data-e-type=\"widget\" data-widget_type=\"heading.default\">\n\t\t\t\t<div class=\"elementor-widget-container\">\n\t\t\t\t\t<h2 class=\"elementor-heading-title elementor-size-default\">The data controller\nmanages the websites listed below.\u00a0\n<\/h2>\t\t\t\t<\/div>\n\t\t\t\t<\/div>\n\t\t\t\t<div class=\"elementor-element elementor-element-d5c2a93 elementor-widget elementor-widget-text-editor\" data-id=\"d5c2a93\" data-element_type=\"widget\" data-e-type=\"widget\" data-widget_type=\"text-editor.default\">\n\t\t\t\t<div class=\"elementor-widget-container\">\n\t\t\t\t\t\t\t\t\tCompany ELTEN D.O.O. manages following websites:\n\t\t\t\t\t\t\t\t<\/div>\n\t\t\t\t<\/div>\n\t\t\t\t<div class=\"elementor-element elementor-element-e08a0b1 elementor-widget elementor-widget-html\" data-id=\"e08a0b1\" data-element_type=\"widget\" data-e-type=\"widget\" data-widget_type=\"html.default\">\n\t\t\t\t<div class=\"elementor-widget-container\">\n\t\t\t\t\t<div class=\n\"cky-audit-table-element\"><\/div>\t\t\t\t<\/div>\n\t\t\t\t<\/div>\n\t\t\t\t\t<\/div>\n\t\t\t\t<\/div>\n\t\t<div class=\"elementor-element elementor-element-5b491a8 e-flex e-con-boxed e-con e-parent\" data-id=\"5b491a8\" data-element_type=\"container\" data-e-type=\"container\" data-settings=\"{&quot;_ha_eqh_enable&quot;:false}\">\n\t\t\t\t\t<div class=\"e-con-inner\">\n\t\t\t\t<div class=\"elementor-element elementor-element-958fdcf elementor-widget elementor-widget-text-editor\" data-id=\"958fdcf\" data-element_type=\"widget\" data-e-type=\"widget\" data-widget_type=\"text-editor.default\">\n\t\t\t\t<div class=\"elementor-widget-container\">\n\t\t\t\t\t\t\t\t\tCookies which we use on our websites do not collect any other than described information\nor information you could be personally identified with and you did not consent. Cookies\n40\ncan not damage your computer, tablet, or mobile phone. They enable our websites to\nfunction well and help us understand which information is most useful for visitors.\nAcceptance\nWhen using these websites mentioned in the list of sites managed by the Data Controller\nyou agree, that these websites set cookies on your computer or mobile device until\nunsubscription or deletion which is your right. Cookies are under your control in your\nbrowser.\n\t\t\t\t\t\t\t\t<\/div>\n\t\t\t\t<\/div>\n\t\t\t\t<div class=\"elementor-element elementor-element-982d2a0 elementor-widget elementor-widget-heading\" data-id=\"982d2a0\" data-element_type=\"widget\" data-e-type=\"widget\" data-widget_type=\"heading.default\">\n\t\t\t\t<div class=\"elementor-widget-container\">\n\t\t\t\t\t<h2 class=\"elementor-heading-title elementor-size-default\">Agreement<\/h2>\t\t\t\t<\/div>\n\t\t\t\t<\/div>\n\t\t\t\t<div class=\"elementor-element elementor-element-96768d0 elementor-widget elementor-widget-text-editor\" data-id=\"96768d0\" data-element_type=\"widget\" data-e-type=\"widget\" data-widget_type=\"text-editor.default\">\n\t\t\t\t<div class=\"elementor-widget-container\">\n\t\t\t\t\t\t\t\t\tBy using these websites, as listed in the website list managed by the operator, you agree that these websites may set cookies on your computer or mobile device until you revoke or delete them, which you have the right to do, and manage them yourself in your browser.\n\t\t\t\t\t\t\t\t<\/div>\n\t\t\t\t<\/div>\n\t\t\t\t<div class=\"elementor-element elementor-element-c6e8119 elementor-widget elementor-widget-heading\" data-id=\"c6e8119\" data-element_type=\"widget\" data-e-type=\"widget\" data-widget_type=\"heading.default\">\n\t\t\t\t<div class=\"elementor-widget-container\">\n\t\t\t\t\t<h2 class=\"elementor-heading-title elementor-size-default\">How to control cookies\n<\/h2>\t\t\t\t<\/div>\n\t\t\t\t<\/div>\n\t\t\t\t<div class=\"elementor-element elementor-element-efc3bf7 elementor-widget elementor-widget-text-editor\" data-id=\"efc3bf7\" data-element_type=\"widget\" data-e-type=\"widget\" data-widget_type=\"text-editor.default\">\n\t\t\t\t<div class=\"elementor-widget-container\">\n\t\t\t\t\t\t\t\t\tYou can control and manage cookies in various ways. Keep in mind that removing or\nblocking cookies can negatively impact your user experience, and parts of our website may\nno longer be fully accessible. Methods of use of cookies can be changed in your browser,\nincluding blocking and deleting them. Almost every browser enables you to accept or reject\nevery cookie, to allow only certain sort of cookies or warns you about the cookie the\nwebsite would like to place. Deleting a saved cookie is simple. If you change or delete\nbrowsers&#039; cookie file and if you change or upgrade your browser or device, you might have\n\nto enable cookies again. Procedure for cookie managing and deleting varies between\nbrowsers. If you need help, check your browsers&#039; user manual or help.\n\t\t\t\t\t\t\t\t<\/div>\n\t\t\t\t<\/div>\n\t\t\t\t<div class=\"elementor-element elementor-element-c1c8e9d elementor-widget elementor-widget-text-editor\" data-id=\"c1c8e9d\" data-element_type=\"widget\" data-e-type=\"widget\" data-widget_type=\"text-editor.default\">\n\t\t\t\t<div class=\"elementor-widget-container\">\n\t\t\t\t\t\t\t\t\t<p><strong>ELTEN D.O.O.<\/strong>\u2028\u00a0<\/p>\t\t\t\t\t\t\t\t<\/div>\n\t\t\t\t<\/div>\n\t\t\t\t\t<\/div>\n\t\t\t\t<\/div>\n\t\t\t\t<\/div>","protected":false},"excerpt":{"rendered":"<p>Politika zasebnosti Posodobljeno: 8.5.2024 Ta politika zasebnosti ureja zbiranje, hrambo in obdelavo osebnih podatkov, ki jih ELTEN D.O.O. zbira od vas, ko obi\u0161\u010dete spletno stran, se naro\u010dite na prejemanje vsebin kot so e-novice, vabila na dogodke ali podobno. Upravljalec Upravljavec osebnih podatkov v pomenu, kot ga dolo\u010data Splo\u0161na uredba EU o varstvu osebnih podatkov in [&hellip;]<\/p>\n","protected":false},"author":1,"featured_media":0,"parent":0,"menu_order":0,"comment_status":"closed","ping_status":"closed","template":"","meta":{"inline_featured_image":false,"_monsterinsights_skip_tracking":false,"_monsterinsights_sitenote_active":false,"_monsterinsights_sitenote_note":"","_monsterinsights_sitenote_category":0,"footnotes":""},"class_list":["post-236","page","type-page","status-publish","hentry"],"yoast_head":"<!-- This site is optimized with the Yoast SEO plugin v27.2 - https:\/\/yoast.com\/product\/yoast-seo-wordpress\/ -->\n<title>Politika zasebnosti - Elten<\/title>\n<meta name=\"robots\" content=\"index, follow, max-snippet:-1, max-image-preview:large, max-video-preview:-1\" \/>\n<link rel=\"canonical\" href=\"https:\/\/www.elten.si\/en\/politika-zasebnosti\/\" \/>\n<meta property=\"og:locale\" content=\"en_US\" \/>\n<meta property=\"og:type\" content=\"article\" \/>\n<meta property=\"og:title\" content=\"Politika zasebnosti - Elten\" \/>\n<meta property=\"og:description\" content=\"Politika zasebnosti Posodobljeno: 8.5.2024 Ta politika zasebnosti ureja zbiranje, hrambo in obdelavo osebnih podatkov, ki jih ELTEN D.O.O. zbira od vas, ko obi\u0161\u010dete spletno stran, se naro\u010dite na prejemanje vsebin kot so e-novice, vabila na dogodke ali podobno. Upravljalec Upravljavec osebnih podatkov v pomenu, kot ga dolo\u010data Splo\u0161na uredba EU o varstvu osebnih podatkov in [&hellip;]\" \/>\n<meta property=\"og:url\" content=\"https:\/\/www.elten.si\/en\/politika-zasebnosti\/\" \/>\n<meta property=\"og:site_name\" content=\"Elten\" \/>\n<meta property=\"article:modified_time\" content=\"2024-05-21T12:51:58+00:00\" \/>\n<meta name=\"twitter:card\" content=\"summary_large_image\" \/>\n<meta name=\"twitter:label1\" content=\"Est. reading time\" \/>\n\t<meta name=\"twitter:data1\" content=\"4 minutes\" \/>\n<script type=\"application\/ld+json\" class=\"yoast-schema-graph\">{\"@context\":\"https:\/\/schema.org\",\"@graph\":[{\"@type\":\"WebPage\",\"@id\":\"https:\/\/www.elten.si\/politika-zasebnosti\/\",\"url\":\"https:\/\/www.elten.si\/politika-zasebnosti\/\",\"name\":\"Politika zasebnosti - Elten\",\"isPartOf\":{\"@id\":\"https:\/\/www.elten.si\/#website\"},\"datePublished\":\"2024-04-18T13:14:42+00:00\",\"dateModified\":\"2024-05-21T12:51:58+00:00\",\"breadcrumb\":{\"@id\":\"https:\/\/www.elten.si\/politika-zasebnosti\/#breadcrumb\"},\"inLanguage\":\"en-US\",\"potentialAction\":[{\"@type\":\"ReadAction\",\"target\":[\"https:\/\/www.elten.si\/politika-zasebnosti\/\"]}]},{\"@type\":\"BreadcrumbList\",\"@id\":\"https:\/\/www.elten.si\/politika-zasebnosti\/#breadcrumb\",\"itemListElement\":[{\"@type\":\"ListItem\",\"position\":1,\"name\":\"Home\",\"item\":\"https:\/\/www.elten.si\/\"},{\"@type\":\"ListItem\",\"position\":2,\"name\":\"Politika zasebnosti\"}]},{\"@type\":\"WebSite\",\"@id\":\"https:\/\/www.elten.si\/#website\",\"url\":\"https:\/\/www.elten.si\/\",\"name\":\"Elten\",\"description\":\"Proizvodnja signalno stikalnih elementov\",\"publisher\":{\"@id\":\"https:\/\/www.elten.si\/#organization\"},\"potentialAction\":[{\"@type\":\"SearchAction\",\"target\":{\"@type\":\"EntryPoint\",\"urlTemplate\":\"https:\/\/www.elten.si\/?s={search_term_string}\"},\"query-input\":{\"@type\":\"PropertyValueSpecification\",\"valueRequired\":true,\"valueName\":\"search_term_string\"}}],\"inLanguage\":\"en-US\"},{\"@type\":\"Organization\",\"@id\":\"https:\/\/www.elten.si\/#organization\",\"name\":\"Elten d.o.o.\",\"url\":\"https:\/\/www.elten.si\/\",\"logo\":{\"@type\":\"ImageObject\",\"inLanguage\":\"en-US\",\"@id\":\"https:\/\/www.elten.si\/#\/schema\/logo\/image\/\",\"url\":\"https:\/\/www.elten.si\/wp-content\/uploads\/2024\/04\/logo.png\",\"contentUrl\":\"https:\/\/www.elten.si\/wp-content\/uploads\/2024\/04\/logo.png\",\"width\":254,\"height\":129,\"caption\":\"Elten d.o.o.\"},\"image\":{\"@id\":\"https:\/\/www.elten.si\/#\/schema\/logo\/image\/\"}}]}<\/script>\n<!-- \/ Yoast SEO plugin. -->","yoast_head_json":{"title":"Politika zasebnosti - Elten","robots":{"index":"index","follow":"follow","max-snippet":"max-snippet:-1","max-image-preview":"max-image-preview:large","max-video-preview":"max-video-preview:-1"},"canonical":"https:\/\/www.elten.si\/en\/politika-zasebnosti\/","og_locale":"en_US","og_type":"article","og_title":"Politika zasebnosti - Elten","og_description":"Politika zasebnosti Posodobljeno: 8.5.2024 Ta politika zasebnosti ureja zbiranje, hrambo in obdelavo osebnih podatkov, ki jih ELTEN D.O.O. zbira od vas, ko obi\u0161\u010dete spletno stran, se naro\u010dite na prejemanje vsebin kot so e-novice, vabila na dogodke ali podobno. Upravljalec Upravljavec osebnih podatkov v pomenu, kot ga dolo\u010data Splo\u0161na uredba EU o varstvu osebnih podatkov in [&hellip;]","og_url":"https:\/\/www.elten.si\/en\/politika-zasebnosti\/","og_site_name":"Elten","article_modified_time":"2024-05-21T12:51:58+00:00","twitter_card":"summary_large_image","twitter_misc":{"Est. reading time":"4 minutes"},"schema":{"@context":"https:\/\/schema.org","@graph":[{"@type":"WebPage","@id":"https:\/\/www.elten.si\/politika-zasebnosti\/","url":"https:\/\/www.elten.si\/politika-zasebnosti\/","name":"Politika zasebnosti - Elten","isPartOf":{"@id":"https:\/\/www.elten.si\/#website"},"datePublished":"2024-04-18T13:14:42+00:00","dateModified":"2024-05-21T12:51:58+00:00","breadcrumb":{"@id":"https:\/\/www.elten.si\/politika-zasebnosti\/#breadcrumb"},"inLanguage":"en-US","potentialAction":[{"@type":"ReadAction","target":["https:\/\/www.elten.si\/politika-zasebnosti\/"]}]},{"@type":"BreadcrumbList","@id":"https:\/\/www.elten.si\/politika-zasebnosti\/#breadcrumb","itemListElement":[{"@type":"ListItem","position":1,"name":"Home","item":"https:\/\/www.elten.si\/"},{"@type":"ListItem","position":2,"name":"Politika zasebnosti"}]},{"@type":"WebSite","@id":"https:\/\/www.elten.si\/#website","url":"https:\/\/www.elten.si\/","name":"Elten","description":"Manufacture of control and signal units","publisher":{"@id":"https:\/\/www.elten.si\/#organization"},"potentialAction":[{"@type":"SearchAction","target":{"@type":"EntryPoint","urlTemplate":"https:\/\/www.elten.si\/?s={search_term_string}"},"query-input":{"@type":"PropertyValueSpecification","valueRequired":true,"valueName":"search_term_string"}}],"inLanguage":"en-US"},{"@type":"Organization","@id":"https:\/\/www.elten.si\/#organization","name":"Elten d.o.o.","url":"https:\/\/www.elten.si\/","logo":{"@type":"ImageObject","inLanguage":"en-US","@id":"https:\/\/www.elten.si\/#\/schema\/logo\/image\/","url":"https:\/\/www.elten.si\/wp-content\/uploads\/2024\/04\/logo.png","contentUrl":"https:\/\/www.elten.si\/wp-content\/uploads\/2024\/04\/logo.png","width":254,"height":129,"caption":"Elten d.o.o."},"image":{"@id":"https:\/\/www.elten.si\/#\/schema\/logo\/image\/"}}]}},"_links":{"self":[{"href":"https:\/\/www.elten.si\/en\/wp-json\/wp\/v2\/pages\/236","targetHints":{"allow":["GET"]}}],"collection":[{"href":"https:\/\/www.elten.si\/en\/wp-json\/wp\/v2\/pages"}],"about":[{"href":"https:\/\/www.elten.si\/en\/wp-json\/wp\/v2\/types\/page"}],"author":[{"embeddable":true,"href":"https:\/\/www.elten.si\/en\/wp-json\/wp\/v2\/users\/1"}],"replies":[{"embeddable":true,"href":"https:\/\/www.elten.si\/en\/wp-json\/wp\/v2\/comments?post=236"}],"version-history":[{"count":3,"href":"https:\/\/www.elten.si\/en\/wp-json\/wp\/v2\/pages\/236\/revisions"}],"predecessor-version":[{"id":2913,"href":"https:\/\/www.elten.si\/en\/wp-json\/wp\/v2\/pages\/236\/revisions\/2913"}],"wp:attachment":[{"href":"https:\/\/www.elten.si\/en\/wp-json\/wp\/v2\/media?parent=236"}],"curies":[{"name":"wp","href":"https:\/\/api.w.org\/{rel}","templated":true}]}}