{"id":363,"date":"2024-04-19T07:44:10","date_gmt":"2024-04-19T07:44:10","guid":{"rendered":"https:\/\/www.elten.si\/?page_id=363"},"modified":"2024-05-21T12:07:03","modified_gmt":"2024-05-21T12:07:03","slug":"kontakt","status":"publish","type":"page","link":"https:\/\/www.elten.si\/en\/kontakt\/","title":{"rendered":"Contact"},"content":{"rendered":"\t\t<div data-elementor-type=\"wp-page\" data-elementor-id=\"363\" class=\"elementor elementor-363\" data-elementor-settings=\"{&quot;ha_cmc_init_switcher&quot;:&quot;no&quot;}\" data-elementor-post-type=\"page\">\n\t\t\t\t<div class=\"elementor-element elementor-element-1a98ef3d e-flex e-con-boxed elementor-invisible e-con e-parent\" data-id=\"1a98ef3d\" data-element_type=\"container\" data-e-type=\"container\" data-settings=\"{&quot;animation&quot;:&quot;fadeIn&quot;,&quot;_ha_eqh_enable&quot;:false}\">\n\t\t\t\t\t<div class=\"e-con-inner\">\n\t\t\t\t<div class=\"elementor-element elementor-element-183bfd6e elementor-widget elementor-widget-heading\" data-id=\"183bfd6e\" data-element_type=\"widget\" data-e-type=\"widget\" data-widget_type=\"heading.default\">\n\t\t\t\t<div class=\"elementor-widget-container\">\n\t\t\t\t\t<h2 class=\"elementor-heading-title elementor-size-default\">Kontakt<\/h2>\t\t\t\t<\/div>\n\t\t\t\t<\/div>\n\t\t\t\t\t<\/div>\n\t\t\t\t<\/div>\n\t\t<div class=\"elementor-element elementor-element-9e64d53 e-con-full e-flex elementor-invisible e-con e-parent\" data-id=\"9e64d53\" data-element_type=\"container\" data-e-type=\"container\" data-settings=\"{&quot;animation&quot;:&quot;fadeIn&quot;,&quot;animation_delay&quot;:200,&quot;_ha_eqh_enable&quot;:false}\">\n\t\t<div class=\"elementor-element elementor-element-fd0de66 e-con-full e-flex e-con e-child\" data-id=\"fd0de66\" data-element_type=\"container\" data-e-type=\"container\" data-settings=\"{&quot;background_background&quot;:&quot;classic&quot;,&quot;_ha_eqh_enable&quot;:false}\">\n\t\t\t\t<div class=\"elementor-element elementor-element-88cf34b elementor-view-default elementor-position-block-start elementor-mobile-position-block-start elementor-widget elementor-widget-icon-box\" data-id=\"88cf34b\" data-element_type=\"widget\" data-e-type=\"widget\" data-widget_type=\"icon-box.default\">\n\t\t\t\t<div class=\"elementor-widget-container\">\n\t\t\t\t\t\t\t<div class=\"elementor-icon-box-wrapper\">\n\n\t\t\t\t\t\t<div class=\"elementor-icon-box-icon\">\n\t\t\t\t<span  class=\"elementor-icon\">\n\t\t\t\t<svg xmlns=\"http:\/\/www.w3.org\/2000\/svg\" width=\"49\" height=\"48\" viewBox=\"0 0 49 48\" fill=\"none\"><rect x=\"0.5\" width=\"48\" height=\"48\" rx=\"10\" fill=\"#F58634\"><\/rect><path d=\"M18.5944 23.2288C18.5322 22.8282 18.5 22.4179 18.5 22C18.5 17.5817 22.1052 14 26.5526 14C30.9999 14 34.6052 17.5817 34.6052 22C34.6052 22.9981 34.4213 23.9535 34.0852 24.8345C34.0154 25.0175 33.9804 25.109 33.9646 25.1804C33.9489 25.2512 33.9428 25.301 33.9411 25.3735C33.9394 25.4466 33.9493 25.5272 33.9692 25.6883L34.3717 28.9585C34.4153 29.3125 34.4371 29.4895 34.3782 29.6182C34.3266 29.731 34.235 29.8205 34.1211 29.8695C33.9911 29.9254 33.8146 29.8995 33.4617 29.8478L30.2765 29.3809C30.1101 29.3565 30.027 29.3443 29.9512 29.3448C29.8763 29.3452 29.8245 29.3507 29.7511 29.3661C29.677 29.3817 29.5823 29.4172 29.393 29.4881C28.5097 29.819 27.5524 30 26.5526 30C26.1344 30 25.7237 29.9683 25.3227 29.9073M20.1316 34C23.0965 34 25.5 31.5376 25.5 28.5C25.5 25.4624 23.0965 23 20.1316 23C17.1667 23 14.7632 25.4624 14.7632 28.5C14.7632 29.1106 14.8603 29.6979 15.0395 30.2467C15.1153 30.4787 15.1532 30.5947 15.1657 30.6739C15.1786 30.7567 15.1809 30.8031 15.1761 30.8867C15.1714 30.9668 15.1514 31.0573 15.1113 31.2383L14.5 34L17.4948 33.591C17.6583 33.5687 17.74 33.5575 17.8114 33.558C17.8865 33.5585 17.9264 33.5626 18.0001 33.5773C18.0701 33.5912 18.1742 33.6279 18.3823 33.7014C18.9306 33.8949 19.5191 34 20.1316 34Z\" stroke=\"white\" stroke-width=\"2\" stroke-linecap=\"round\" stroke-linejoin=\"round\"><\/path><\/svg>\t\t\t\t<\/span>\n\t\t\t<\/div>\n\t\t\t\n\t\t\t\t\t\t<div class=\"elementor-icon-box-content\">\n\n\t\t\t\t\t\t\t\t\t<h3 class=\"elementor-icon-box-title\">\n\t\t\t\t\t\t<span  >\n\t\t\t\t\t\t\tPo\u0161ljite nam email\t\t\t\t\t\t<\/span>\n\t\t\t\t\t<\/h3>\n\t\t\t\t\n\t\t\t\t\t\t\t\t\t<p class=\"elementor-icon-box-description\">\n\t\t\t\t\t\tStopite v kontakt z na\u0161o ekipo.\t\t\t\t\t<\/p>\n\t\t\t\t\n\t\t\t<\/div>\n\t\t\t\n\t\t<\/div>\n\t\t\t\t\t\t<\/div>\n\t\t\t\t<\/div>\n\t\t\t\t<div class=\"elementor-element elementor-element-686f5af elementor-widget elementor-widget-text-editor\" data-id=\"686f5af\" data-element_type=\"widget\" data-e-type=\"widget\" data-widget_type=\"text-editor.default\">\n\t\t\t\t<div class=\"elementor-widget-container\">\n\t\t\t\t\t\t\t\t\t<a style=\"color: #F58634; \"href=\"mailto:info@elten.si\">info@elten.si<\/a>\t\t\t\t\t\t\t\t<\/div>\n\t\t\t\t<\/div>\n\t\t\t\t<\/div>\n\t\t<div class=\"elementor-element elementor-element-44223de e-con-full e-flex e-con e-child\" data-id=\"44223de\" data-element_type=\"container\" data-e-type=\"container\" data-settings=\"{&quot;background_background&quot;:&quot;classic&quot;,&quot;_ha_eqh_enable&quot;:false}\">\n\t\t\t\t<div class=\"elementor-element elementor-element-d2d0769 elementor-view-default elementor-position-block-start elementor-mobile-position-block-start elementor-widget elementor-widget-icon-box\" data-id=\"d2d0769\" data-element_type=\"widget\" data-e-type=\"widget\" data-widget_type=\"icon-box.default\">\n\t\t\t\t<div class=\"elementor-widget-container\">\n\t\t\t\t\t\t\t<div class=\"elementor-icon-box-wrapper\">\n\n\t\t\t\t\t\t<div class=\"elementor-icon-box-icon\">\n\t\t\t\t<span  class=\"elementor-icon\">\n\t\t\t\t<svg xmlns=\"http:\/\/www.w3.org\/2000\/svg\" width=\"49\" height=\"48\" viewBox=\"0 0 49 48\" fill=\"none\"><rect x=\"0.5\" width=\"48\" height=\"48\" rx=\"10\" fill=\"#F58634\"><\/rect><path d=\"M24.5 24.5C26.1569 24.5 27.5 23.1569 27.5 21.5C27.5 19.8431 26.1569 18.5 24.5 18.5C22.8431 18.5 21.5 19.8431 21.5 21.5C21.5 23.1569 22.8431 24.5 24.5 24.5Z\" stroke=\"white\" stroke-width=\"2\" stroke-linecap=\"round\" stroke-linejoin=\"round\"><\/path><path d=\"M24.5 34C26.5 30 32.5 27.4183 32.5 22C32.5 17.5817 28.9183 14 24.5 14C20.0817 14 16.5 17.5817 16.5 22C16.5 27.4183 22.5 30 24.5 34Z\" stroke=\"white\" stroke-width=\"2\" stroke-linecap=\"round\" stroke-linejoin=\"round\"><\/path><\/svg>\t\t\t\t<\/span>\n\t\t\t<\/div>\n\t\t\t\n\t\t\t\t\t\t<div class=\"elementor-icon-box-content\">\n\n\t\t\t\t\t\t\t\t\t<h3 class=\"elementor-icon-box-title\">\n\t\t\t\t\t\t<span  >\n\t\t\t\t\t\t\tObi\u0161\u010dite nas\t\t\t\t\t\t<\/span>\n\t\t\t\t\t<\/h3>\n\t\t\t\t\n\t\t\t\t\t\t\t\t\t<p class=\"elementor-icon-box-description\">\n\t\t\t\t\t\tObi\u0161\u010dite nas na lokaciji.\t\t\t\t\t<\/p>\n\t\t\t\t\n\t\t\t<\/div>\n\t\t\t\n\t\t<\/div>\n\t\t\t\t\t\t<\/div>\n\t\t\t\t<\/div>\n\t\t\t\t<div class=\"elementor-element elementor-element-759ee9c elementor-widget elementor-widget-text-editor\" data-id=\"759ee9c\" data-element_type=\"widget\" data-e-type=\"widget\" data-widget_type=\"text-editor.default\">\n\t\t\t\t<div class=\"elementor-widget-container\">\n\t\t\t\t\t\t\t\t\t<a style=\"color: #f58634;\" href=\"https:\/\/maps.app.goo.gl\/KJkcyzGaq3pdvupVA\">Gasilska pot 3, 1230 Dom\u017eale, Slovenia<\/a>\t\t\t\t\t\t\t\t<\/div>\n\t\t\t\t<\/div>\n\t\t\t\t<\/div>\n\t\t<div class=\"elementor-element elementor-element-e50e349 e-con-full e-flex e-con e-child\" data-id=\"e50e349\" data-element_type=\"container\" data-e-type=\"container\" data-settings=\"{&quot;background_background&quot;:&quot;classic&quot;,&quot;_ha_eqh_enable&quot;:false}\">\n\t\t\t\t<div class=\"elementor-element elementor-element-df64900 elementor-view-default elementor-position-block-start elementor-mobile-position-block-start elementor-widget elementor-widget-icon-box\" data-id=\"df64900\" data-element_type=\"widget\" data-e-type=\"widget\" data-widget_type=\"icon-box.default\">\n\t\t\t\t<div class=\"elementor-widget-container\">\n\t\t\t\t\t\t\t<div class=\"elementor-icon-box-wrapper\">\n\n\t\t\t\t\t\t<div class=\"elementor-icon-box-icon\">\n\t\t\t\t<span  class=\"elementor-icon\">\n\t\t\t\t<svg xmlns=\"http:\/\/www.w3.org\/2000\/svg\" width=\"49\" height=\"48\" viewBox=\"0 0 49 48\" fill=\"none\"><rect x=\"0.5\" width=\"48\" height=\"48\" rx=\"10\" fill=\"#F58634\"><\/rect><path d=\"M20.8803 20.8532C21.5763 22.3028 22.5251 23.6615 23.7266 24.8631C24.9282 26.0646 26.2869 27.0134 27.7365 27.7094C27.8612 27.7693 27.9235 27.7992 28.0024 27.8222C28.2828 27.904 28.627 27.8453 28.8644 27.6752C28.9313 27.6274 28.9884 27.5702 29.1027 27.4559C29.4523 27.1063 29.6271 26.9315 29.8029 26.8172C30.4658 26.3862 31.3204 26.3862 31.9833 26.8172C32.1591 26.9315 32.3339 27.1063 32.6835 27.4559L32.8783 27.6508C33.4098 28.1822 33.6755 28.448 33.8198 28.7333C34.1069 29.3009 34.1069 29.9712 33.8198 30.5387C33.6755 30.8241 33.4098 31.0898 32.8783 31.6213L32.7207 31.7789C32.1911 32.3085 31.9263 32.5733 31.5662 32.7756C31.1667 33 30.5462 33.1614 30.088 33.16C29.6751 33.1588 29.3928 33.0787 28.8284 32.9185C25.795 32.0575 22.9326 30.433 20.5447 28.045C18.1567 25.6571 16.5322 22.7947 15.6712 19.7613C15.511 19.1969 15.4309 18.9146 15.4297 18.5017C15.4283 18.0435 15.5897 17.423 15.8141 17.0235C16.0164 16.6634 16.2812 16.3986 16.8108 15.869L16.9684 15.7114C17.4999 15.1799 17.7656 14.9142 18.051 14.7699C18.6185 14.4828 19.2888 14.4828 19.8564 14.7699C20.1417 14.9142 20.4075 15.1799 20.9389 15.7114L21.1338 15.9062C21.4834 16.2559 21.6582 16.4307 21.7725 16.6064C22.2035 17.2693 22.2035 18.1239 21.7725 18.7868C21.6582 18.9626 21.4834 19.1374 21.1338 19.487C21.0195 19.6013 20.9623 19.6584 20.9145 19.7253C20.7445 19.9627 20.6858 20.307 20.7675 20.5873C20.7905 20.6662 20.8204 20.7285 20.8803 20.8532Z\" stroke=\"white\" stroke-width=\"2\" stroke-linecap=\"round\" stroke-linejoin=\"round\"><\/path><\/svg>\t\t\t\t<\/span>\n\t\t\t<\/div>\n\t\t\t\n\t\t\t\t\t\t<div class=\"elementor-icon-box-content\">\n\n\t\t\t\t\t\t\t\t\t<h3 class=\"elementor-icon-box-title\">\n\t\t\t\t\t\t<span  >\n\t\t\t\t\t\t\tPokli\u010dite nas\t\t\t\t\t\t<\/span>\n\t\t\t\t\t<\/h3>\n\t\t\t\t\n\t\t\t\t\t\t\t\t\t<p class=\"elementor-icon-box-description\">\n\t\t\t\t\t\tPonedeljek - petek: <br>7.00 - 11.00 in 11.30 - 15.00\t\t\t\t\t<\/p>\n\t\t\t\t\n\t\t\t<\/div>\n\t\t\t\n\t\t<\/div>\n\t\t\t\t\t\t<\/div>\n\t\t\t\t<\/div>\n\t\t\t\t<div class=\"elementor-element elementor-element-1f652c4 elementor-widget elementor-widget-text-editor\" data-id=\"1f652c4\" data-element_type=\"widget\" data-e-type=\"widget\" data-widget_type=\"text-editor.default\">\n\t\t\t\t<div class=\"elementor-widget-container\">\n\t\t\t\t\t\t\t\t\t<a style=\"color: #f58634;\" href=\"tel:0038617211668\">+386 1 721 16 68<\/a>\t\t\t\t\t\t\t\t<\/div>\n\t\t\t\t<\/div>\n\t\t\t\t<\/div>\n\t\t\t\t<\/div>\n\t\t<div class=\"elementor-element elementor-element-1790de6 e-con-full e-flex e-con e-parent\" data-id=\"1790de6\" data-element_type=\"container\" data-e-type=\"container\" data-settings=\"{&quot;_ha_eqh_enable&quot;:false}\">\n\t\t<div class=\"elementor-element elementor-element-049f551 e-con-full e-flex elementor-invisible e-con e-child\" data-id=\"049f551\" data-element_type=\"container\" data-e-type=\"container\" data-settings=\"{&quot;animation&quot;:&quot;fadeIn&quot;,&quot;_ha_eqh_enable&quot;:false}\">\n\t\t\t\t<div class=\"elementor-element elementor-element-572c141 elementor-widget elementor-widget-heading\" data-id=\"572c141\" data-element_type=\"widget\" data-e-type=\"widget\" data-widget_type=\"heading.default\">\n\t\t\t\t<div class=\"elementor-widget-container\">\n\t\t\t\t\t<h2 class=\"elementor-heading-title elementor-size-default\">Kontakni obrazec<\/h2>\t\t\t\t<\/div>\n\t\t\t\t<\/div>\n\t\t\t\t<div class=\"elementor-element elementor-element-b69ce2d elementor-widget elementor-widget-text-editor\" data-id=\"b69ce2d\" data-element_type=\"widget\" data-e-type=\"widget\" data-widget_type=\"text-editor.default\">\n\t\t\t\t<div class=\"elementor-widget-container\">\n\t\t\t\t\t\t\t\t\tVeselimo se va\u0161ega sporo\u010dila in se zavezujemo, da vam bomo odgovorili \u010dim prej. Za vsa vpra\u0161anja, povpra\u0161evanja ali informacije smo vam na voljo. Izpolnite spodnji obrazec in eden od na\u0161ih predstavnikov vas bo kontaktiral v najkraj\u0161em mo\u017enem \u010dasu.\t\t\t\t\t\t\t\t<\/div>\n\t\t\t\t<\/div>\n\t\t\t\t<div class=\"elementor-element elementor-element-c5cd821 elementor-button-align-stretch elementor-widget elementor-widget-form\" data-id=\"c5cd821\" data-element_type=\"widget\" data-e-type=\"widget\" data-settings=\"{&quot;step_next_label&quot;:&quot;Next&quot;,&quot;step_previous_label&quot;:&quot;Previous&quot;,&quot;button_width&quot;:&quot;100&quot;,&quot;step_type&quot;:&quot;number_text&quot;,&quot;step_icon_shape&quot;:&quot;circle&quot;}\" data-widget_type=\"form.default\">\n\t\t\t\t<div class=\"elementor-widget-container\">\n\t\t\t\t\t\t\t<form class=\"elementor-form\" method=\"post\" name=\"New Form\" aria-label=\"New Form\">\n\t\t\t<input type=\"hidden\" name=\"post_id\" value=\"363\"\/>\n\t\t\t<input type=\"hidden\" name=\"form_id\" value=\"c5cd821\"\/>\n\t\t\t<input type=\"hidden\" name=\"referer_title\" value=\"Elten - kontakt\" \/>\n\n\t\t\t\t\t\t\t<input type=\"hidden\" name=\"queried_id\" value=\"363\"\/>\n\t\t\t\n\t\t\t<div class=\"elementor-form-fields-wrapper elementor-labels-above\">\n\t\t\t\t\t\t\t\t<div class=\"elementor-field-type-text elementor-field-group elementor-column elementor-field-group-name elementor-col-100\">\n\t\t\t\t\t\t\t\t\t\t\t\t<label for=\"form-field-name\" class=\"elementor-field-label\">\n\t\t\t\t\t\t\t\tIme in priimek\t\t\t\t\t\t\t<\/label>\n\t\t\t\t\t\t\t\t\t\t\t\t\t\t<input size=\"1\" type=\"text\" name=\"form_fields[name]\" id=\"form-field-name\" class=\"elementor-field elementor-size-sm  elementor-field-textual\" placeholder=\"Ime in priimek\">\n\t\t\t\t\t\t\t\t\t\t\t<\/div>\n\t\t\t\t\t\t\t\t<div class=\"elementor-field-type-email elementor-field-group elementor-column elementor-field-group-email elementor-col-100 elementor-field-required elementor-mark-required\">\n\t\t\t\t\t\t\t\t\t\t\t\t<label for=\"form-field-email\" class=\"elementor-field-label\">\n\t\t\t\t\t\t\t\tEmail\t\t\t\t\t\t\t<\/label>\n\t\t\t\t\t\t\t\t\t\t\t\t\t\t<input size=\"1\" type=\"email\" name=\"form_fields[email]\" id=\"form-field-email\" class=\"elementor-field elementor-size-sm  elementor-field-textual\" placeholder=\"Email\" required=\"required\">\n\t\t\t\t\t\t\t\t\t\t\t<\/div>\n\t\t\t\t\t\t\t\t<div class=\"elementor-field-type-textarea elementor-field-group elementor-column elementor-field-group-message elementor-col-100\">\n\t\t\t\t\t\t\t\t\t\t\t\t<label for=\"form-field-message\" class=\"elementor-field-label\">\n\t\t\t\t\t\t\t\tSporo\u010dilo\t\t\t\t\t\t\t<\/label>\n\t\t\t\t\t\t<textarea class=\"elementor-field-textual elementor-field  elementor-size-sm\" name=\"form_fields[message]\" id=\"form-field-message\" rows=\"4\" placeholder=\"Sporo\u010dilo\"><\/textarea>\t\t\t\t<\/div>\n\t\t\t\t\t\t\t\t<div class=\"elementor-field-group elementor-column elementor-field-type-submit elementor-col-100 e-form__buttons\">\n\t\t\t\t\t<button class=\"elementor-button elementor-size-md\" type=\"submit\">\n\t\t\t\t\t\t<span class=\"elementor-button-content-wrapper\">\n\t\t\t\t\t\t\t\t\t\t\t\t\t\t\t\t\t\t\t\t\t\t<span class=\"elementor-button-text\">Po\u0161lji povpra\u0161evanje<\/span>\n\t\t\t\t\t\t\t\t\t\t\t\t\t<\/span>\n\t\t\t\t\t<\/button>\n\t\t\t\t<\/div>\n\t\t\t<\/div>\n\t\t<\/form>\n\t\t\t\t\t\t<\/div>\n\t\t\t\t<\/div>\n\t\t\t\t<\/div>\n\t\t<div class=\"elementor-element elementor-element-a79a916 e-con-full e-flex elementor-invisible e-con e-child\" data-id=\"a79a916\" data-element_type=\"container\" data-e-type=\"container\" data-settings=\"{&quot;animation&quot;:&quot;fadeIn&quot;,&quot;_ha_eqh_enable&quot;:false}\">\n\t\t\t\t<div class=\"elementor-element elementor-element-a976fad elementor-widget elementor-widget-google_maps\" data-id=\"a976fad\" data-element_type=\"widget\" data-e-type=\"widget\" data-widget_type=\"google_maps.default\">\n\t\t\t\t<div class=\"elementor-widget-container\">\n\t\t\t\t\t\t\t<div class=\"elementor-custom-embed\">\n\t\t\t<iframe loading=\"lazy\"\n\t\t\t\t\tsrc=\"https:\/\/www.google.com\/maps\/embed\/v1\/place?key=AIzaSyD97aT_szpIUDQhfnA2XutLuBKs5nO8-sg&#038;q=Gasilska%20pot%203%2C%201230%20Dom%C5%BEale%2C%20Slovenia&#038;zoom=10\"\n\t\t\t\t\ttitle=\"Gasilska pot 3, 1230 Dom\u017eale, Slovenia\"\n\t\t\t\t\taria-label=\"Gasilska pot 3, 1230 Dom\u017eale, Slovenia\"\n\t\t\t><\/iframe>\n\t\t<\/div>\n\t\t\t\t\t\t<\/div>\n\t\t\t\t<\/div>\n\t\t\t\t<\/div>\n\t\t\t\t<\/div>\n\t\t\t\t<\/div>\n\t\t","protected":false},"excerpt":{"rendered":"<p>Kontakt Po\u0161ljite nam email Stopite v kontakt z na\u0161o ekipo. info@elten.si Obi\u0161\u010dite nas Obi\u0161\u010dite nas na lokaciji. Gasilska pot 3, 1230 Dom\u017eale, Slovenia Pokli\u010dite nas Ponedeljek &#8211; petek: 7.00 &#8211; 11.00 in 11.30 &#8211; 15.00 +386 1 721 16 68 Kontakni obrazec Veselimo se va\u0161ega sporo\u010dila in se zavezujemo, da vam bomo odgovorili \u010dim prej. [&hellip;]<\/p>\n","protected":false},"author":1,"featured_media":0,"parent":0,"menu_order":0,"comment_status":"closed","ping_status":"closed","template":"","meta":{"inline_featured_image":false,"_monsterinsights_skip_tracking":false,"_monsterinsights_sitenote_active":false,"_monsterinsights_sitenote_note":"","_monsterinsights_sitenote_category":0,"footnotes":""},"class_list":["post-363","page","type-page","status-publish","hentry"],"yoast_head":"<!-- This site is optimized with the Yoast SEO plugin v27.2 - https:\/\/yoast.com\/product\/yoast-seo-wordpress\/ -->\n<title>Elten - kontakt<\/title>\n<meta name=\"description\" content=\"V na\u0161i ponudbi imamo razli\u010dne signalno stikalne elemente, ohi\u0161ja, tipkala, svetilke in stikala za razli\u010dne namene in panoge.\" \/>\n<meta name=\"robots\" content=\"index, follow, max-snippet:-1, max-image-preview:large, max-video-preview:-1\" \/>\n<link rel=\"canonical\" href=\"https:\/\/www.elten.si\/en\/kontakt\/\" \/>\n<meta property=\"og:locale\" content=\"en_US\" \/>\n<meta property=\"og:type\" content=\"article\" \/>\n<meta property=\"og:title\" content=\"Elten - kontakt\" \/>\n<meta property=\"og:description\" content=\"V na\u0161i ponudbi imamo razli\u010dne signalno stikalne elemente, ohi\u0161ja, tipkala, svetilke in stikala za razli\u010dne namene in panoge.\" \/>\n<meta property=\"og:url\" content=\"https:\/\/www.elten.si\/en\/kontakt\/\" \/>\n<meta property=\"og:site_name\" content=\"Elten\" \/>\n<meta property=\"article:modified_time\" content=\"2024-05-21T12:07:03+00:00\" \/>\n<meta name=\"twitter:card\" content=\"summary_large_image\" \/>\n<meta name=\"twitter:label1\" content=\"Est. reading time\" \/>\n\t<meta name=\"twitter:data1\" content=\"1 minute\" \/>\n<script type=\"application\/ld+json\" class=\"yoast-schema-graph\">{\"@context\":\"https:\/\/schema.org\",\"@graph\":[{\"@type\":\"WebPage\",\"@id\":\"https:\/\/www.elten.si\/kontakt\/\",\"url\":\"https:\/\/www.elten.si\/kontakt\/\",\"name\":\"Elten - kontakt\",\"isPartOf\":{\"@id\":\"https:\/\/www.elten.si\/#website\"},\"datePublished\":\"2024-04-19T07:44:10+00:00\",\"dateModified\":\"2024-05-21T12:07:03+00:00\",\"description\":\"V na\u0161i ponudbi imamo razli\u010dne signalno stikalne elemente, ohi\u0161ja, tipkala, svetilke in stikala za razli\u010dne namene in panoge.\",\"breadcrumb\":{\"@id\":\"https:\/\/www.elten.si\/kontakt\/#breadcrumb\"},\"inLanguage\":\"en-US\",\"potentialAction\":[{\"@type\":\"ReadAction\",\"target\":[\"https:\/\/www.elten.si\/kontakt\/\"]}]},{\"@type\":\"BreadcrumbList\",\"@id\":\"https:\/\/www.elten.si\/kontakt\/#breadcrumb\",\"itemListElement\":[{\"@type\":\"ListItem\",\"position\":1,\"name\":\"Home\",\"item\":\"https:\/\/www.elten.si\/\"},{\"@type\":\"ListItem\",\"position\":2,\"name\":\"Kontakt\"}]},{\"@type\":\"WebSite\",\"@id\":\"https:\/\/www.elten.si\/#website\",\"url\":\"https:\/\/www.elten.si\/\",\"name\":\"Elten\",\"description\":\"Proizvodnja signalno stikalnih elementov\",\"publisher\":{\"@id\":\"https:\/\/www.elten.si\/#organization\"},\"potentialAction\":[{\"@type\":\"SearchAction\",\"target\":{\"@type\":\"EntryPoint\",\"urlTemplate\":\"https:\/\/www.elten.si\/?s={search_term_string}\"},\"query-input\":{\"@type\":\"PropertyValueSpecification\",\"valueRequired\":true,\"valueName\":\"search_term_string\"}}],\"inLanguage\":\"en-US\"},{\"@type\":\"Organization\",\"@id\":\"https:\/\/www.elten.si\/#organization\",\"name\":\"Elten d.o.o.\",\"url\":\"https:\/\/www.elten.si\/\",\"logo\":{\"@type\":\"ImageObject\",\"inLanguage\":\"en-US\",\"@id\":\"https:\/\/www.elten.si\/#\/schema\/logo\/image\/\",\"url\":\"https:\/\/www.elten.si\/wp-content\/uploads\/2024\/04\/logo.png\",\"contentUrl\":\"https:\/\/www.elten.si\/wp-content\/uploads\/2024\/04\/logo.png\",\"width\":254,\"height\":129,\"caption\":\"Elten d.o.o.\"},\"image\":{\"@id\":\"https:\/\/www.elten.si\/#\/schema\/logo\/image\/\"}}]}<\/script>\n<!-- \/ Yoast SEO plugin. -->","yoast_head_json":{"title":"Elten - kontakt","description":"We offer a wide range of control and signal units, contact blocks, enclosures, indicator lights, and accessories for different purposes and industries.","robots":{"index":"index","follow":"follow","max-snippet":"max-snippet:-1","max-image-preview":"max-image-preview:large","max-video-preview":"max-video-preview:-1"},"canonical":"https:\/\/www.elten.si\/en\/kontakt\/","og_locale":"en_US","og_type":"article","og_title":"Elten - kontakt","og_description":"V na\u0161i ponudbi imamo razli\u010dne signalno stikalne elemente, ohi\u0161ja, tipkala, svetilke in stikala za razli\u010dne namene in panoge.","og_url":"https:\/\/www.elten.si\/en\/kontakt\/","og_site_name":"Elten","article_modified_time":"2024-05-21T12:07:03+00:00","twitter_card":"summary_large_image","twitter_misc":{"Est. reading time":"1 minute"},"schema":{"@context":"https:\/\/schema.org","@graph":[{"@type":"WebPage","@id":"https:\/\/www.elten.si\/kontakt\/","url":"https:\/\/www.elten.si\/kontakt\/","name":"Elten - kontakt","isPartOf":{"@id":"https:\/\/www.elten.si\/#website"},"datePublished":"2024-04-19T07:44:10+00:00","dateModified":"2024-05-21T12:07:03+00:00","description":"We offer a wide range of control and signal units, contact blocks, enclosures, indicator lights, and accessories for different purposes and industries.","breadcrumb":{"@id":"https:\/\/www.elten.si\/kontakt\/#breadcrumb"},"inLanguage":"en-US","potentialAction":[{"@type":"ReadAction","target":["https:\/\/www.elten.si\/kontakt\/"]}]},{"@type":"BreadcrumbList","@id":"https:\/\/www.elten.si\/kontakt\/#breadcrumb","itemListElement":[{"@type":"ListItem","position":1,"name":"Home","item":"https:\/\/www.elten.si\/"},{"@type":"ListItem","position":2,"name":"Kontakt"}]},{"@type":"WebSite","@id":"https:\/\/www.elten.si\/#website","url":"https:\/\/www.elten.si\/","name":"Elten","description":"Manufacture of control and signal units","publisher":{"@id":"https:\/\/www.elten.si\/#organization"},"potentialAction":[{"@type":"SearchAction","target":{"@type":"EntryPoint","urlTemplate":"https:\/\/www.elten.si\/?s={search_term_string}"},"query-input":{"@type":"PropertyValueSpecification","valueRequired":true,"valueName":"search_term_string"}}],"inLanguage":"en-US"},{"@type":"Organization","@id":"https:\/\/www.elten.si\/#organization","name":"Elten d.o.o.","url":"https:\/\/www.elten.si\/","logo":{"@type":"ImageObject","inLanguage":"en-US","@id":"https:\/\/www.elten.si\/#\/schema\/logo\/image\/","url":"https:\/\/www.elten.si\/wp-content\/uploads\/2024\/04\/logo.png","contentUrl":"https:\/\/www.elten.si\/wp-content\/uploads\/2024\/04\/logo.png","width":254,"height":129,"caption":"Elten d.o.o."},"image":{"@id":"https:\/\/www.elten.si\/#\/schema\/logo\/image\/"}}]}},"_links":{"self":[{"href":"https:\/\/www.elten.si\/en\/wp-json\/wp\/v2\/pages\/363","targetHints":{"allow":["GET"]}}],"collection":[{"href":"https:\/\/www.elten.si\/en\/wp-json\/wp\/v2\/pages"}],"about":[{"href":"https:\/\/www.elten.si\/en\/wp-json\/wp\/v2\/types\/page"}],"author":[{"embeddable":true,"href":"https:\/\/www.elten.si\/en\/wp-json\/wp\/v2\/users\/1"}],"replies":[{"embeddable":true,"href":"https:\/\/www.elten.si\/en\/wp-json\/wp\/v2\/comments?post=363"}],"version-history":[{"count":3,"href":"https:\/\/www.elten.si\/en\/wp-json\/wp\/v2\/pages\/363\/revisions"}],"predecessor-version":[{"id":2456,"href":"https:\/\/www.elten.si\/en\/wp-json\/wp\/v2\/pages\/363\/revisions\/2456"}],"wp:attachment":[{"href":"https:\/\/www.elten.si\/en\/wp-json\/wp\/v2\/media?parent=363"}],"curies":[{"name":"wp","href":"https:\/\/api.w.org\/{rel}","templated":true}]}}