{"id":1137,"date":"2024-05-13T06:50:39","date_gmt":"2024-05-13T06:50:39","guid":{"rendered":"https:\/\/www.elten.si\/?post_type=product&#038;p=1137"},"modified":"2024-07-15T12:49:11","modified_gmt":"2024-07-15T12:49:11","slug":"nozno-stikalo-brez-zascite","status":"publish","type":"product","link":"https:\/\/www.elten.si\/en\/product\/nozno-stikalo-brez-zascite\/","title":{"rendered":"Foot switch (without guard)"},"content":{"rendered":"<p><strong>Application:<\/strong> Triggering machines and devices (printing, screen printing, dosing devices, etc.). Unwanted sliding of the foot switch is prevented by rubber feet.<br \/>\n<strong>Material:<\/strong> The trigger mechanism is made of polyacetal, filled with glass beads, and the housing is made of polyamide, reinforced with glass fibers. Using the best materials and very robust construction ensures reliable operation and long service life.<br \/>\n<strong>Permissible load:<\/strong> 16 (4,0) A\/250<br \/>\n<strong>Degree of protection:<\/strong> IP 22 according to DIN 40050<br \/>\n<strong>Dimensions:<\/strong> Length: 104 mm, Width: 88 mm, Height: 28 mm<br \/>\n<strong>Weight:<\/strong> 118 g<br \/>\n<strong>Switching method:<\/strong> Alternating contact, solder connection<\/p>","protected":false},"excerpt":{"rendered":"<p>FSM02<\/p>","protected":false},"featured_media":1135,"comment_status":"open","ping_status":"closed","template":"","meta":{"inline_featured_image":false,"_monsterinsights_skip_tracking":false,"_monsterinsights_sitenote_active":false,"_monsterinsights_sitenote_note":"","_monsterinsights_sitenote_category":0},"product_brand":[],"product_cat":[47,20],"product_tag":[129],"class_list":{"0":"post-1137","1":"product","2":"type-product","3":"status-publish","4":"has-post-thumbnail","6":"product_cat-nozno-stikalo","7":"product_cat-plasticna-izvedba","8":"product_tag-fsm02","10":"first","11":"instock","12":"shipping-taxable","13":"product-type-simple"},"yoast_head":"<!-- This site is optimized with the Yoast SEO plugin v27.2 - https:\/\/yoast.com\/product\/yoast-seo-wordpress\/ -->\n<title>No\u017eno stikalo (brez za\u0161\u010dite) - Elten<\/title>\n<meta name=\"robots\" content=\"index, follow, max-snippet:-1, max-image-preview:large, max-video-preview:-1\" \/>\n<link rel=\"canonical\" href=\"https:\/\/www.elten.si\/en\/product\/nozno-stikalo-brez-zascite\/\" \/>\n<meta property=\"og:locale\" content=\"en_US\" \/>\n<meta property=\"og:type\" content=\"article\" \/>\n<meta property=\"og:title\" content=\"No\u017eno stikalo (brez za\u0161\u010dite) - Elten\" \/>\n<meta property=\"og:description\" content=\"FSM02\" \/>\n<meta property=\"og:url\" content=\"https:\/\/www.elten.si\/en\/product\/nozno-stikalo-brez-zascite\/\" \/>\n<meta property=\"og:site_name\" content=\"Elten\" \/>\n<meta property=\"article:modified_time\" content=\"2024-07-15T12:49:11+00:00\" \/>\n<meta property=\"og:image\" content=\"https:\/\/www.elten.si\/wp-content\/uploads\/2024\/05\/Elten-nozno-stikalo-brez-zascite-e1715860320479.webp\" \/>\n\t<meta property=\"og:image:width\" content=\"867\" \/>\n\t<meta property=\"og:image:height\" content=\"867\" \/>\n\t<meta property=\"og:image:type\" content=\"image\/webp\" \/>\n<meta name=\"twitter:card\" content=\"summary_large_image\" \/>\n<meta name=\"twitter:label1\" content=\"Est. reading time\" \/>\n\t<meta name=\"twitter:data1\" content=\"1 minute\" \/>\n<script type=\"application\/ld+json\" class=\"yoast-schema-graph\">{\"@context\":\"https:\/\/schema.org\",\"@graph\":[{\"@type\":\"WebPage\",\"@id\":\"https:\/\/www.elten.si\/izdelek\/nozno-stikalo-brez-zascite\/\",\"url\":\"https:\/\/www.elten.si\/izdelek\/nozno-stikalo-brez-zascite\/\",\"name\":\"No\u017eno stikalo (brez za\u0161\u010dite) - Elten\",\"isPartOf\":{\"@id\":\"https:\/\/www.elten.si\/#website\"},\"primaryImageOfPage\":{\"@id\":\"https:\/\/www.elten.si\/izdelek\/nozno-stikalo-brez-zascite\/#primaryimage\"},\"image\":{\"@id\":\"https:\/\/www.elten.si\/izdelek\/nozno-stikalo-brez-zascite\/#primaryimage\"},\"thumbnailUrl\":\"https:\/\/www.elten.si\/wp-content\/uploads\/2024\/05\/Elten-nozno-stikalo-brez-zascite-e1715860320479.webp\",\"datePublished\":\"2024-05-13T06:50:39+00:00\",\"dateModified\":\"2024-07-15T12:49:11+00:00\",\"breadcrumb\":{\"@id\":\"https:\/\/www.elten.si\/izdelek\/nozno-stikalo-brez-zascite\/#breadcrumb\"},\"inLanguage\":\"en-US\",\"potentialAction\":[{\"@type\":\"ReadAction\",\"target\":[\"https:\/\/www.elten.si\/izdelek\/nozno-stikalo-brez-zascite\/\"]}]},{\"@type\":\"ImageObject\",\"inLanguage\":\"en-US\",\"@id\":\"https:\/\/www.elten.si\/izdelek\/nozno-stikalo-brez-zascite\/#primaryimage\",\"url\":\"https:\/\/www.elten.si\/wp-content\/uploads\/2024\/05\/Elten-nozno-stikalo-brez-zascite-e1715860320479.webp\",\"contentUrl\":\"https:\/\/www.elten.si\/wp-content\/uploads\/2024\/05\/Elten-nozno-stikalo-brez-zascite-e1715860320479.webp\",\"width\":867,\"height\":867,\"caption\":\"Elten nozno stikalo brez zascite\"},{\"@type\":\"BreadcrumbList\",\"@id\":\"https:\/\/www.elten.si\/izdelek\/nozno-stikalo-brez-zascite\/#breadcrumb\",\"itemListElement\":[{\"@type\":\"ListItem\",\"position\":1,\"name\":\"Home\",\"item\":\"https:\/\/www.elten.si\/\"},{\"@type\":\"ListItem\",\"position\":2,\"name\":\"Izdelki\",\"item\":\"https:\/\/www.elten.si\/shop\/\"},{\"@type\":\"ListItem\",\"position\":3,\"name\":\"No\u017eno stikalo (brez za\u0161\u010dite)\"}]},{\"@type\":\"WebSite\",\"@id\":\"https:\/\/www.elten.si\/#website\",\"url\":\"https:\/\/www.elten.si\/\",\"name\":\"Elten\",\"description\":\"Proizvodnja signalno stikalnih elementov\",\"publisher\":{\"@id\":\"https:\/\/www.elten.si\/#organization\"},\"potentialAction\":[{\"@type\":\"SearchAction\",\"target\":{\"@type\":\"EntryPoint\",\"urlTemplate\":\"https:\/\/www.elten.si\/?s={search_term_string}\"},\"query-input\":{\"@type\":\"PropertyValueSpecification\",\"valueRequired\":true,\"valueName\":\"search_term_string\"}}],\"inLanguage\":\"en-US\"},{\"@type\":\"Organization\",\"@id\":\"https:\/\/www.elten.si\/#organization\",\"name\":\"Elten d.o.o.\",\"url\":\"https:\/\/www.elten.si\/\",\"logo\":{\"@type\":\"ImageObject\",\"inLanguage\":\"en-US\",\"@id\":\"https:\/\/www.elten.si\/#\/schema\/logo\/image\/\",\"url\":\"https:\/\/www.elten.si\/wp-content\/uploads\/2024\/04\/logo.png\",\"contentUrl\":\"https:\/\/www.elten.si\/wp-content\/uploads\/2024\/04\/logo.png\",\"width\":254,\"height\":129,\"caption\":\"Elten d.o.o.\"},\"image\":{\"@id\":\"https:\/\/www.elten.si\/#\/schema\/logo\/image\/\"}}]}<\/script>\n<!-- \/ Yoast SEO plugin. -->","yoast_head_json":{"title":"No\u017eno stikalo (brez za\u0161\u010dite) - Elten","robots":{"index":"index","follow":"follow","max-snippet":"max-snippet:-1","max-image-preview":"max-image-preview:large","max-video-preview":"max-video-preview:-1"},"canonical":"https:\/\/www.elten.si\/en\/product\/nozno-stikalo-brez-zascite\/","og_locale":"en_US","og_type":"article","og_title":"No\u017eno stikalo (brez za\u0161\u010dite) - Elten","og_description":"FSM02","og_url":"https:\/\/www.elten.si\/en\/product\/nozno-stikalo-brez-zascite\/","og_site_name":"Elten","article_modified_time":"2024-07-15T12:49:11+00:00","og_image":[{"width":867,"height":867,"url":"https:\/\/www.elten.si\/wp-content\/uploads\/2024\/05\/Elten-nozno-stikalo-brez-zascite-e1715860320479.webp","type":"image\/webp"}],"twitter_card":"summary_large_image","twitter_misc":{"Est. reading time":"1 minute"},"schema":{"@context":"https:\/\/schema.org","@graph":[{"@type":"WebPage","@id":"https:\/\/www.elten.si\/izdelek\/nozno-stikalo-brez-zascite\/","url":"https:\/\/www.elten.si\/izdelek\/nozno-stikalo-brez-zascite\/","name":"No\u017eno stikalo (brez za\u0161\u010dite) - Elten","isPartOf":{"@id":"https:\/\/www.elten.si\/#website"},"primaryImageOfPage":{"@id":"https:\/\/www.elten.si\/izdelek\/nozno-stikalo-brez-zascite\/#primaryimage"},"image":{"@id":"https:\/\/www.elten.si\/izdelek\/nozno-stikalo-brez-zascite\/#primaryimage"},"thumbnailUrl":"https:\/\/www.elten.si\/wp-content\/uploads\/2024\/05\/Elten-nozno-stikalo-brez-zascite-e1715860320479.webp","datePublished":"2024-05-13T06:50:39+00:00","dateModified":"2024-07-15T12:49:11+00:00","breadcrumb":{"@id":"https:\/\/www.elten.si\/izdelek\/nozno-stikalo-brez-zascite\/#breadcrumb"},"inLanguage":"en-US","potentialAction":[{"@type":"ReadAction","target":["https:\/\/www.elten.si\/izdelek\/nozno-stikalo-brez-zascite\/"]}]},{"@type":"ImageObject","inLanguage":"en-US","@id":"https:\/\/www.elten.si\/izdelek\/nozno-stikalo-brez-zascite\/#primaryimage","url":"https:\/\/www.elten.si\/wp-content\/uploads\/2024\/05\/Elten-nozno-stikalo-brez-zascite-e1715860320479.webp","contentUrl":"https:\/\/www.elten.si\/wp-content\/uploads\/2024\/05\/Elten-nozno-stikalo-brez-zascite-e1715860320479.webp","width":867,"height":867,"caption":"Elten nozno stikalo brez zascite"},{"@type":"BreadcrumbList","@id":"https:\/\/www.elten.si\/izdelek\/nozno-stikalo-brez-zascite\/#breadcrumb","itemListElement":[{"@type":"ListItem","position":1,"name":"Home","item":"https:\/\/www.elten.si\/"},{"@type":"ListItem","position":2,"name":"Izdelki","item":"https:\/\/www.elten.si\/shop\/"},{"@type":"ListItem","position":3,"name":"No\u017eno stikalo (brez za\u0161\u010dite)"}]},{"@type":"WebSite","@id":"https:\/\/www.elten.si\/#website","url":"https:\/\/www.elten.si\/","name":"Elten","description":"Manufacture of control and signal units","publisher":{"@id":"https:\/\/www.elten.si\/#organization"},"potentialAction":[{"@type":"SearchAction","target":{"@type":"EntryPoint","urlTemplate":"https:\/\/www.elten.si\/?s={search_term_string}"},"query-input":{"@type":"PropertyValueSpecification","valueRequired":true,"valueName":"search_term_string"}}],"inLanguage":"en-US"},{"@type":"Organization","@id":"https:\/\/www.elten.si\/#organization","name":"Elten d.o.o.","url":"https:\/\/www.elten.si\/","logo":{"@type":"ImageObject","inLanguage":"en-US","@id":"https:\/\/www.elten.si\/#\/schema\/logo\/image\/","url":"https:\/\/www.elten.si\/wp-content\/uploads\/2024\/04\/logo.png","contentUrl":"https:\/\/www.elten.si\/wp-content\/uploads\/2024\/04\/logo.png","width":254,"height":129,"caption":"Elten d.o.o."},"image":{"@id":"https:\/\/www.elten.si\/#\/schema\/logo\/image\/"}}]}},"_links":{"self":[{"href":"https:\/\/www.elten.si\/en\/wp-json\/wp\/v2\/product\/1137","targetHints":{"allow":["GET"]}}],"collection":[{"href":"https:\/\/www.elten.si\/en\/wp-json\/wp\/v2\/product"}],"about":[{"href":"https:\/\/www.elten.si\/en\/wp-json\/wp\/v2\/types\/product"}],"replies":[{"embeddable":true,"href":"https:\/\/www.elten.si\/en\/wp-json\/wp\/v2\/comments?post=1137"}],"wp:featuredmedia":[{"embeddable":true,"href":"https:\/\/www.elten.si\/en\/wp-json\/wp\/v2\/media\/1135"}],"wp:attachment":[{"href":"https:\/\/www.elten.si\/en\/wp-json\/wp\/v2\/media?parent=1137"}],"wp:term":[{"taxonomy":"product_brand","embeddable":true,"href":"https:\/\/www.elten.si\/en\/wp-json\/wp\/v2\/product_brand?post=1137"},{"taxonomy":"product_cat","embeddable":true,"href":"https:\/\/www.elten.si\/en\/wp-json\/wp\/v2\/product_cat?post=1137"},{"taxonomy":"product_tag","embeddable":true,"href":"https:\/\/www.elten.si\/en\/wp-json\/wp\/v2\/product_tag?post=1137"}],"curies":[{"name":"wp","href":"https:\/\/api.w.org\/{rel}","templated":true}]}}